{"id":110,"date":"2018-09-10T09:00:20","date_gmt":"2018-09-10T07:00:20","guid":{"rendered":"https:\/\/przychodnia.flt.krasnik.pl\/?page_id=110"},"modified":"2025-03-13T21:57:25","modified_gmt":"2025-03-13T19:57:25","slug":"ginekologia","status":"publish","type":"page","link":"https:\/\/przychodnia-flt.pl\/?page_id=110","title":{"rendered":"Ginekologia"},"content":{"rendered":"<h1 class=\"page-title\">Ginekologia<\/h1>\n<div class=\"region region-content\">\n<div id=\"block-system-main\" class=\"block block-system\">\n<div class=\"content\">\n<div class=\"content\">\n<div class=\"field field-name-body field-type-text-with-summary field-label-hidden\">\n<div class=\"field-items\">\n<div class=\"field-item even\">\n<h1>Poradnia ginekologiczno &#8211; po\u0142o\u017cnicza<\/h1>\n<div>\n<p><strong>Umowa z Narodowym Funduszem Zdrowia<\/strong><\/p>\n<div>Zapisy w Rejestracji: <strong>81 825 74 00<\/strong><\/div>\n<div><\/div>\n<div><strong>\u00a0<\/strong><\/div>\n<div><\/div>\n<div><\/div>\n<\/div>\n<table border=\"1\" cellspacing=\"1\" cellpadding=\"1\">\n<thead>\n<tr>\n<th scope=\"col\">Przyjmuje<\/th>\n<th scope=\"col\">Specjalizacja<\/th>\n<th scope=\"col\">Poniedzia\u0142ek<\/th>\n<th scope=\"col\">Wtorek<\/th>\n<th scope=\"col\">\u015aroda<\/th>\n<th scope=\"col\">Czwartek<\/th>\n<th scope=\"col\">Pi\u0105tek<\/th>\n<\/tr>\n<\/thead>\n<tbody>\n<tr>\n<td><strong>Anna Ch\u0119ci\u0144ska-Marecka<br \/>\n<\/strong><\/td>\n<td>Specjalista ginekolog<\/td>\n<td class=\"rtecenter\">\u00a08:00-13:00<\/td>\n<td class=\"rtecenter\">\u00a08:00-13:00<\/td>\n<td class=\"rtecenter\">\u00a08:00-13:00<\/td>\n<td class=\"rtecenter\"><\/td>\n<td class=\"rtecenter\"><\/td>\n<\/tr>\n<tr>\n<td><strong>Wojciech Soko\u0142owski<\/strong><\/td>\n<td><\/td>\n<td class=\"rtecenter\">14:00-18:00<\/td>\n<td class=\"rtecenter\"><\/td>\n<td class=\"rtecenter\"><\/td>\n<td class=\"rtecenter\"><\/td>\n<td class=\"rtecenter\">8:45-13:00<\/td>\n<\/tr>\n<\/tbody>\n<\/table>\n<\/div>\n<\/div>\n<\/div>\n<\/div>\n<\/div>\n<\/div>\n<\/div>\n","protected":false},"excerpt":{"rendered":"<p>Ginekologia Poradnia ginekologiczno &#8211; po\u0142o\u017cnicza Umowa z Narodowym Funduszem Zdrowia Zapisy w Rejestracji: 81 825 74 00 \u00a0 Przyjmuje Specjalizacja Poniedzia\u0142ek Wtorek \u015aroda Czwartek Pi\u0105tek Anna Ch\u0119ci\u0144ska-Marecka Specjalista ginekolog \u00a08:00-13:00 \u00a08:00-13:00 \u00a08:00-13:00 Wojciech Soko\u0142owski 14:00-18:00 8:45-13:00<\/p>\n","protected":false},"author":5,"featured_media":0,"parent":0,"menu_order":0,"comment_status":"closed","ping_status":"closed","template":"","meta":{"footnotes":""},"class_list":["post-110","page","type-page","status-publish","hentry"],"_links":{"self":[{"href":"https:\/\/przychodnia-flt.pl\/index.php?rest_route=\/wp\/v2\/pages\/110","targetHints":{"allow":["GET"]}}],"collection":[{"href":"https:\/\/przychodnia-flt.pl\/index.php?rest_route=\/wp\/v2\/pages"}],"about":[{"href":"https:\/\/przychodnia-flt.pl\/index.php?rest_route=\/wp\/v2\/types\/page"}],"author":[{"embeddable":true,"href":"https:\/\/przychodnia-flt.pl\/index.php?rest_route=\/wp\/v2\/users\/5"}],"replies":[{"embeddable":true,"href":"https:\/\/przychodnia-flt.pl\/index.php?rest_route=%2Fwp%2Fv2%2Fcomments&post=110"}],"version-history":[{"count":7,"href":"https:\/\/przychodnia-flt.pl\/index.php?rest_route=\/wp\/v2\/pages\/110\/revisions"}],"predecessor-version":[{"id":466,"href":"https:\/\/przychodnia-flt.pl\/index.php?rest_route=\/wp\/v2\/pages\/110\/revisions\/466"}],"wp:attachment":[{"href":"https:\/\/przychodnia-flt.pl\/index.php?rest_route=%2Fwp%2Fv2%2Fmedia&parent=110"}],"curies":[{"name":"wp","href":"https:\/\/api.w.org\/{rel}","templated":true}]}}