{"id":114,"date":"2018-09-10T09:02:20","date_gmt":"2018-09-10T07:02:20","guid":{"rendered":"https:\/\/przychodnia.flt.krasnik.pl\/?page_id=114"},"modified":"2026-05-07T12:52:25","modified_gmt":"2026-05-07T10:52:25","slug":"poradnia-rehabilitacyjna","status":"publish","type":"page","link":"https:\/\/przychodnia-flt.pl\/?page_id=114","title":{"rendered":"Poradnia Rehabilitacyjna"},"content":{"rendered":"<h1 class=\"page-title\">Poradnia Rehabilitacyjna<\/h1>\n<div class=\"region region-content\">\n<div id=\"block-system-main\" class=\"block block-system\">\n<div class=\"content\">\n<div class=\"content\">\n<div class=\"field field-name-body field-type-text-with-summary field-label-hidden\">\n<div class=\"field-items\">\n<div class=\"field-item even\">\n<h1>Specjalistyczna Poradnia Rehabilitacyjna<\/h1>\n<div>\n<p><strong>Umowa z Narodowym Funduszem Zdrowia<\/strong><\/p>\n<div><\/div>\n<div><\/div>\n<\/div>\n<table border=\"1\" cellspacing=\"1\" cellpadding=\"1\">\n<thead>\n<tr>\n<th scope=\"col\">Przyjmuje<\/th>\n<th scope=\"col\">Specjalizacja<\/th>\n<th scope=\"col\">Poniedzia\u0142ek<\/th>\n<th scope=\"col\">Wtorek<\/th>\n<th scope=\"col\">\u015aroda<\/th>\n<th scope=\"col\">Czwartek<\/th>\n<th scope=\"col\">Pi\u0105tek<\/th>\n<\/tr>\n<\/thead>\n<tbody>\n<tr>\n<td>S\u0142awomir Zaborek<\/td>\n<td>specjalista rehabilitacji medycznej<\/td>\n<td class=\"rtecenter\"><\/td>\n<td class=\"rtecenter\">14.30-17.00<\/td>\n<td class=\"rtecenter\"><\/td>\n<td class=\"rtecenter\"><\/td>\n<td class=\"rtecenter\"><\/td>\n<\/tr>\n<\/tbody>\n<\/table>\n<\/div>\n<\/div>\n<\/div>\n<\/div>\n<\/div>\n<\/div>\n<\/div>\n","protected":false},"excerpt":{"rendered":"<p>Poradnia Rehabilitacyjna Specjalistyczna Poradnia Rehabilitacyjna Umowa z Narodowym Funduszem Zdrowia Przyjmuje Specjalizacja Poniedzia\u0142ek Wtorek \u015aroda Czwartek Pi\u0105tek S\u0142awomir Zaborek specjalista rehabilitacji medycznej 14.30-17.00<\/p>\n","protected":false},"author":5,"featured_media":0,"parent":0,"menu_order":0,"comment_status":"closed","ping_status":"closed","template":"","meta":{"footnotes":""},"class_list":["post-114","page","type-page","status-publish","hentry"],"_links":{"self":[{"href":"https:\/\/przychodnia-flt.pl\/index.php?rest_route=\/wp\/v2\/pages\/114","targetHints":{"allow":["GET"]}}],"collection":[{"href":"https:\/\/przychodnia-flt.pl\/index.php?rest_route=\/wp\/v2\/pages"}],"about":[{"href":"https:\/\/przychodnia-flt.pl\/index.php?rest_route=\/wp\/v2\/types\/page"}],"author":[{"embeddable":true,"href":"https:\/\/przychodnia-flt.pl\/index.php?rest_route=\/wp\/v2\/users\/5"}],"replies":[{"embeddable":true,"href":"https:\/\/przychodnia-flt.pl\/index.php?rest_route=%2Fwp%2Fv2%2Fcomments&post=114"}],"version-history":[{"count":7,"href":"https:\/\/przychodnia-flt.pl\/index.php?rest_route=\/wp\/v2\/pages\/114\/revisions"}],"predecessor-version":[{"id":501,"href":"https:\/\/przychodnia-flt.pl\/index.php?rest_route=\/wp\/v2\/pages\/114\/revisions\/501"}],"wp:attachment":[{"href":"https:\/\/przychodnia-flt.pl\/index.php?rest_route=%2Fwp%2Fv2%2Fmedia&parent=114"}],"curies":[{"name":"wp","href":"https:\/\/api.w.org\/{rel}","templated":true}]}}