{"id":116,"date":"2018-09-10T09:02:38","date_gmt":"2018-09-10T07:02:38","guid":{"rendered":"https:\/\/przychodnia.flt.krasnik.pl\/?page_id=116"},"modified":"2018-09-10T09:02:38","modified_gmt":"2018-09-10T07:02:38","slug":"praca-dzialu-fizykoterapii-i-kinezyterapii","status":"publish","type":"page","link":"https:\/\/przychodnia-flt.pl\/?page_id=116","title":{"rendered":"Praca Dzia\u0142u Fizykoterapii i Kinezyterapii"},"content":{"rendered":"<h1 class=\"page-title\">Praca Dzia\u0142u Fizykoterapii i Kinezyterapii<\/h1>\n<div class=\"region region-content\">\n<div id=\"block-system-main\" class=\"block block-system\">\n<div class=\"content\">\n<div class=\"content\">\n<div class=\"field field-name-body field-type-text-with-summary field-label-hidden\">\n<div class=\"field-items\">\n<div class=\"field-item even\">\n<h2><strong>Umowa z Narodowym Funduszem Zdrowia<\/strong><\/h2>\n<p>&nbsp;<\/p>\n<p><strong>Fizykoterapia:\u00a0 81 825 79 15<\/strong><\/p>\n<p><strong>Kinezyterapia:\u00a0 81 825 74 18<\/strong><\/p>\n<p>&nbsp;<\/p>\n<p><strong><em>W Dziale Kinezyterapii realizujemy r\u00f3wnie\u017c \u015bwiadczenia z zakresu <\/em><\/strong><\/p>\n<p><strong><em><u>rehabilitacji domowej.<\/u><\/em> <\/strong><\/p>\n<p>&nbsp;<\/p>\n<table border=\"1\" cellspacing=\"1\" cellpadding=\"1\">\n<tbody>\n<tr>\n<th scope=\"col\">Poniedzia\u0142ek<\/th>\n<th scope=\"col\">Wtorek<\/th>\n<th scope=\"col\">\u015aroda<\/th>\n<th scope=\"col\">Czwartek<\/th>\n<th scope=\"col\">Pi\u0105tek<\/th>\n<\/tr>\n<tr>\n<td class=\"rtecenter\">\u00a07:00-18:00<\/td>\n<td class=\"rtecenter\">7:00-18:00<\/td>\n<td class=\"rtecenter\">7:00-18:00<\/td>\n<td class=\"rtecenter\">7:00-18:00<\/td>\n<td class=\"rtecenter\">7:00-18:00<\/td>\n<td class=\"rtecenter\"><\/td>\n<\/tr>\n<\/tbody>\n<\/table>\n<\/div>\n<\/div>\n<\/div>\n<\/div>\n<\/div>\n<\/div>\n<\/div>\n","protected":false},"excerpt":{"rendered":"<p>Praca Dzia\u0142u Fizykoterapii i Kinezyterapii Umowa z Narodowym Funduszem Zdrowia &nbsp; Fizykoterapia:\u00a0 81 825 79 15 Kinezyterapia:\u00a0 81 825 74 18 &nbsp; W Dziale Kinezyterapii realizujemy r\u00f3wnie\u017c \u015bwiadczenia z zakresu rehabilitacji domowej. &nbsp; Poniedzia\u0142ek Wtorek \u015aroda Czwartek Pi\u0105tek \u00a07:00-18:00 7:00-18:00 7:00-18:00 7:00-18:00 7:00-18:00<\/p>\n","protected":false},"author":5,"featured_media":0,"parent":0,"menu_order":0,"comment_status":"closed","ping_status":"closed","template":"","meta":{"footnotes":""},"class_list":["post-116","page","type-page","status-publish","hentry"],"_links":{"self":[{"href":"https:\/\/przychodnia-flt.pl\/index.php?rest_route=\/wp\/v2\/pages\/116","targetHints":{"allow":["GET"]}}],"collection":[{"href":"https:\/\/przychodnia-flt.pl\/index.php?rest_route=\/wp\/v2\/pages"}],"about":[{"href":"https:\/\/przychodnia-flt.pl\/index.php?rest_route=\/wp\/v2\/types\/page"}],"author":[{"embeddable":true,"href":"https:\/\/przychodnia-flt.pl\/index.php?rest_route=\/wp\/v2\/users\/5"}],"replies":[{"embeddable":true,"href":"https:\/\/przychodnia-flt.pl\/index.php?rest_route=%2Fwp%2Fv2%2Fcomments&post=116"}],"version-history":[{"count":1,"href":"https:\/\/przychodnia-flt.pl\/index.php?rest_route=\/wp\/v2\/pages\/116\/revisions"}],"predecessor-version":[{"id":117,"href":"https:\/\/przychodnia-flt.pl\/index.php?rest_route=\/wp\/v2\/pages\/116\/revisions\/117"}],"wp:attachment":[{"href":"https:\/\/przychodnia-flt.pl\/index.php?rest_route=%2Fwp%2Fv2%2Fmedia&parent=116"}],"curies":[{"name":"wp","href":"https:\/\/api.w.org\/{rel}","templated":true}]}}