{"id":118,"date":"2018-09-10T09:03:08","date_gmt":"2018-09-10T07:03:08","guid":{"rendered":"https:\/\/przychodnia.flt.krasnik.pl\/?page_id=118"},"modified":"2018-09-10T09:12:45","modified_gmt":"2018-09-10T07:12:45","slug":"zasady-korzystania-z-zabiegow-fizjoterapeutycznych","status":"publish","type":"page","link":"https:\/\/przychodnia-flt.pl\/?page_id=118","title":{"rendered":"Zasady korzystania z zabieg\u00f3w fizjoterapeutycznych"},"content":{"rendered":"<h1 class=\"page-title\">Zasady korzystania z zabieg\u00f3w fizjoterapeutycznych<\/h1>\n<div class=\"region region-content\">\n<div id=\"block-system-main\" class=\"block block-system\">\n<div class=\"content\">\n<div class=\"content\">\n<div class=\"field field-name-body field-type-text-with-summary field-label-hidden\">\n<div class=\"field-items\">\n<div class=\"field-item even\">\n<ol>\n<li>Przed wej\u015bciem do gabinetu zabiegowego lub na sal\u0119 gimnastyczn\u0105, prosimy o pozostawienie odzie\u017cy wierzchniej w szatni oraz zmian\u0119 obuwia.<\/li>\n<li>Na \u0107wiczenia prosimy o zaopatrzenie si\u0119 w str\u00f3j gimnastyczny (spodnie dresowe, koszulk\u0119).<\/li>\n<li>W okolicy zabiegowej prosimy o nieu\u017cywanie krem\u00f3w i ma\u015bci, Pacjent proszony jest o przestrzeganie higieny osobistej.<\/li>\n<li>Wyznaczone godziny zabieg\u00f3w s\u0105 godzinami orientacyjnymi dla fizjoterapeut\u00f3w. Prosimy Pacjent\u00f3w o \u015bcis\u0142e przestrzeganie zaplanowanych godzin w celu u\u0142atwienia sprawnej obs\u0142ugi. Osoby, kt\u00f3re nie stawi\u0142y si\u0119 o czasie na wyznaczone zabiegi, b\u0119d\u0105 przyjmowane w miar\u0119 mo\u017cliwo\u015bci (oznacza to d\u0142u\u017cszy czas oczekiwania na realizacj\u0119 \u015bwiadczenia).<\/li>\n<li>Pacjent, kt\u00f3ry nie mo\u017ce zg\u0142osi\u0107 si\u0119 na wyznaczone zabiegi lub musi zrezygnowa\u0107 z danego \u015bwiadczenie, powinien niezw\u0142ocznie powiadomi\u0107 o tym fakcie przychodni\u0119 fizjoterapeutyczn\u0105.<\/li>\n<li>Zabiegi opuszczone przez Pacjenta, bez wcze\u015bniejszego zg\u0142oszenia nieobecno\u015bci przepadaj\u0105.<\/li>\n<li>Prosimy Pacjent\u00f3w o poinformowanie terapeut\u00f3w o chorobach przewlek\u0142ych, przebytych operacjach i wszczepionych implantach (rozrusznik serca, pompa infuzyjna, metalowe implanty).<\/li>\n<\/ol>\n<\/div>\n<\/div>\n<\/div>\n<\/div>\n<\/div>\n<\/div>\n<\/div>\n","protected":false},"excerpt":{"rendered":"<p>Zasady korzystania z zabieg\u00f3w fizjoterapeutycznych Przed wej\u015bciem do gabinetu zabiegowego lub na sal\u0119 gimnastyczn\u0105, prosimy o pozostawienie odzie\u017cy wierzchniej w szatni oraz zmian\u0119 obuwia. Na \u0107wiczenia prosimy o zaopatrzenie si\u0119 w str\u00f3j gimnastyczny (spodnie dresowe, koszulk\u0119). W okolicy zabiegowej prosimy o nieu\u017cywanie krem\u00f3w i ma\u015bci, Pacjent proszony jest o przestrzeganie higieny osobistej. Wyznaczone godziny zabieg\u00f3w [&hellip;]<\/p>\n","protected":false},"author":5,"featured_media":0,"parent":0,"menu_order":0,"comment_status":"closed","ping_status":"closed","template":"","meta":{"footnotes":""},"class_list":["post-118","page","type-page","status-publish","hentry"],"_links":{"self":[{"href":"https:\/\/przychodnia-flt.pl\/index.php?rest_route=\/wp\/v2\/pages\/118","targetHints":{"allow":["GET"]}}],"collection":[{"href":"https:\/\/przychodnia-flt.pl\/index.php?rest_route=\/wp\/v2\/pages"}],"about":[{"href":"https:\/\/przychodnia-flt.pl\/index.php?rest_route=\/wp\/v2\/types\/page"}],"author":[{"embeddable":true,"href":"https:\/\/przychodnia-flt.pl\/index.php?rest_route=\/wp\/v2\/users\/5"}],"replies":[{"embeddable":true,"href":"https:\/\/przychodnia-flt.pl\/index.php?rest_route=%2Fwp%2Fv2%2Fcomments&post=118"}],"version-history":[{"count":1,"href":"https:\/\/przychodnia-flt.pl\/index.php?rest_route=\/wp\/v2\/pages\/118\/revisions"}],"predecessor-version":[{"id":119,"href":"https:\/\/przychodnia-flt.pl\/index.php?rest_route=\/wp\/v2\/pages\/118\/revisions\/119"}],"wp:attachment":[{"href":"https:\/\/przychodnia-flt.pl\/index.php?rest_route=%2Fwp%2Fv2%2Fmedia&parent=118"}],"curies":[{"name":"wp","href":"https:\/\/api.w.org\/{rel}","templated":true}]}}