{"id":148,"date":"2018-09-10T14:53:51","date_gmt":"2018-09-10T12:53:51","guid":{"rendered":"https:\/\/przychodnia.flt.krasnik.pl\/?page_id=148"},"modified":"2021-06-01T07:46:55","modified_gmt":"2021-06-01T05:46:55","slug":"poradnia-psychologiczna","status":"publish","type":"page","link":"https:\/\/przychodnia-flt.pl\/?page_id=148","title":{"rendered":"Poradnia Psychologiczna"},"content":{"rendered":"<div class=\"region region-content\">\n<div id=\"block-system-main\" class=\"block block-system\">\n<div class=\"content\">\n<div class=\"ds-1col node node-poradnia node-full view-mode-full clearfix\">\n<div class=\"\">\n<div class=\"field field-name-field-nazwa-poradni field-type-text field-label-hidden\">\n<div class=\"field-items\">\n<div class=\"field-item even\"><strong>Poradnia Psychologiczna<\/strong><\/div>\n<\/div>\n<\/div>\n<div class=\"field field-name-field-telefon-poradni field-type-text field-label-hidden\">\n<div class=\"field-items\">\n<div class=\"field-item even\">81 825 78 06<\/div>\n<\/div>\n<\/div>\n<div class=\"field field-name-field-przyjmuje field-type-text field-label-above\">\n<div class=\"field-label\">Przyjmuje:<\/div>\n<div class=\"field-items\">\n<div class=\"field-item even\"><strong>mgr Karolina Chmura<br \/>\n<\/strong><\/div>\n<\/div>\n<\/div>\n<div class=\"field field-name-field-opis-poradni field-type-text-long field-label-hidden\">\n<div class=\"field-items\">\n<div class=\"field-item even\">\n<div class=\"articleText\">\n<p>Godziny przyj\u0119\u0107:<\/p>\n<table class=\"views-table cols-5\">\n<thead>\n<tr>\n<th class=\"views-field views-field-field-poniedzia-ek\">poniedzia\u0142ek<\/th>\n<th class=\"views-field views-field-field-wtorek\">Wtorek<\/th>\n<th class=\"views-field views-field-field--roda\">\u015aroda<\/th>\n<th class=\"views-field views-field-field-czwartek\">Czwartek<\/th>\n<th class=\"views-field views-field-field-pi-tek\">Pi\u0105tek<\/th>\n<\/tr>\n<\/thead>\n<tbody>\n<tr class=\"odd views-row-first views-row-last\">\n<td class=\"views-field views-field-field-poniedzia-ek\"><\/td>\n<td class=\"views-field views-field-field-wtorek\"><\/td>\n<td class=\"views-field views-field-field--roda\"><\/td>\n<td class=\"views-field views-field-field-czwartek\">8:00-14:00<\/td>\n<td class=\"views-field views-field-field-pi-tek\"><\/td>\n<\/tr>\n<\/tbody>\n<\/table>\n<p><strong>Przeprowadzamy badania psychologiczne:<\/strong><\/p>\n<ul>\n<li>kierowc\u00f3w wykonuj\u0105cych transport drogowy skierowanych przez pracodawc\u0119,<\/li>\n<li>kierowc\u00f3w pojazd\u00f3w uprzywilejowanych oraz przewo\u017c\u0105cych warto\u015bci pieni\u0119\u017cne,<\/li>\n<li>kierowc\u00f3w skierowanych przez lekarza,<\/li>\n<li>kierowc\u00f3w skierowanych przez policj\u0119 (sprawc\u00f3w wypadk\u00f3w drogowych, os\u00f3b, kt\u00f3re przekroczy\u0142y limit punkt\u00f3w\u00a0 karnych, os\u00f3b, kt\u00f3re prowadzi\u0142y pojazd po spo\u017cyciu alkoholu lub innych \u015brodk\u00f3w odurzaj\u0105cych),<\/li>\n<li>instruktor\u00f3w nauki i techniki jazdy, egzaminator\u00f3w nauki jazdy,<\/li>\n<li>operator\u00f3w ci\u0119\u017ckiego sprz\u0119tu budowlanego (koparki, \u0142adowarki, spycharki),<\/li>\n<li>operator\u00f3w w\u00f3zk\u00f3w o nap\u0119dzie elektrycznym, gazowym, spalinowym,<\/li>\n<li>operator\u00f3w ci\u0119\u017ckiego sprz\u0119tu zmechanizowanego (suwnicy, \u017curawia wie\u017cowego itp.),<\/li>\n<li>inspektor\u00f3w transportu drogowego.<\/li>\n<\/ul>\n<\/div>\n<\/div>\n<\/div>\n<\/div>\n<\/div>\n<\/div>\n<\/div>\n<\/div>\n<\/div>\n","protected":false},"excerpt":{"rendered":"<p>Poradnia Psychologiczna 81 825 78 06 Przyjmuje: mgr Karolina Chmura Godziny przyj\u0119\u0107: poniedzia\u0142ek Wtorek \u015aroda Czwartek Pi\u0105tek 8:00-14:00 Przeprowadzamy badania psychologiczne: kierowc\u00f3w wykonuj\u0105cych transport drogowy skierowanych przez pracodawc\u0119, kierowc\u00f3w pojazd\u00f3w uprzywilejowanych oraz przewo\u017c\u0105cych warto\u015bci pieni\u0119\u017cne, kierowc\u00f3w skierowanych przez lekarza, kierowc\u00f3w skierowanych przez policj\u0119 (sprawc\u00f3w wypadk\u00f3w drogowych, os\u00f3b, kt\u00f3re przekroczy\u0142y limit punkt\u00f3w\u00a0 karnych, os\u00f3b, kt\u00f3re prowadzi\u0142y [&hellip;]<\/p>\n","protected":false},"author":5,"featured_media":0,"parent":0,"menu_order":0,"comment_status":"closed","ping_status":"closed","template":"","meta":{"footnotes":""},"class_list":["post-148","page","type-page","status-publish","hentry"],"_links":{"self":[{"href":"https:\/\/przychodnia-flt.pl\/index.php?rest_route=\/wp\/v2\/pages\/148","targetHints":{"allow":["GET"]}}],"collection":[{"href":"https:\/\/przychodnia-flt.pl\/index.php?rest_route=\/wp\/v2\/pages"}],"about":[{"href":"https:\/\/przychodnia-flt.pl\/index.php?rest_route=\/wp\/v2\/types\/page"}],"author":[{"embeddable":true,"href":"https:\/\/przychodnia-flt.pl\/index.php?rest_route=\/wp\/v2\/users\/5"}],"replies":[{"embeddable":true,"href":"https:\/\/przychodnia-flt.pl\/index.php?rest_route=%2Fwp%2Fv2%2Fcomments&post=148"}],"version-history":[{"count":6,"href":"https:\/\/przychodnia-flt.pl\/index.php?rest_route=\/wp\/v2\/pages\/148\/revisions"}],"predecessor-version":[{"id":351,"href":"https:\/\/przychodnia-flt.pl\/index.php?rest_route=\/wp\/v2\/pages\/148\/revisions\/351"}],"wp:attachment":[{"href":"https:\/\/przychodnia-flt.pl\/index.php?rest_route=%2Fwp%2Fv2%2Fmedia&parent=148"}],"curies":[{"name":"wp","href":"https:\/\/api.w.org\/{rel}","templated":true}]}}