{"id":150,"date":"2018-09-10T14:54:29","date_gmt":"2018-09-10T12:54:29","guid":{"rendered":"https:\/\/przychodnia.flt.krasnik.pl\/?page_id=150"},"modified":"2018-09-10T14:57:11","modified_gmt":"2018-09-10T12:57:11","slug":"praca-poradni","status":"publish","type":"page","link":"https:\/\/przychodnia-flt.pl\/?page_id=150","title":{"rendered":"Praca poradni"},"content":{"rendered":"<div class=\"region region-content\">\n<div id=\"block-system-main\" class=\"block block-system\">\n<div class=\"content\">\n<div class=\"content\">\n<div class=\"field field-name-body field-type-text-with-summary field-label-hidden\">\n<div class=\"field-items\">\n<div class=\"field-item even\">\n<p>&nbsp;<\/p>\n<p><em><strong>Lekarze Medycyny Pracy przyjmuj\u0105 <u>codziennie<\/u>.<\/strong><\/em><\/p>\n<p><em><strong>Godziny przyj\u0119\u0107 ustalane s\u0105 na bie\u017c\u0105co przez piel\u0119gniarki medycyny pracy.<\/strong><\/em><\/p>\n<\/div>\n<\/div>\n<\/div>\n<\/div>\n<\/div>\n<\/div>\n<\/div>\n","protected":false},"excerpt":{"rendered":"<p>&nbsp; Lekarze Medycyny Pracy przyjmuj\u0105 codziennie. Godziny przyj\u0119\u0107 ustalane s\u0105 na bie\u017c\u0105co przez piel\u0119gniarki medycyny pracy.<\/p>\n","protected":false},"author":5,"featured_media":0,"parent":0,"menu_order":0,"comment_status":"closed","ping_status":"closed","template":"","meta":{"footnotes":""},"class_list":["post-150","page","type-page","status-publish","hentry"],"_links":{"self":[{"href":"https:\/\/przychodnia-flt.pl\/index.php?rest_route=\/wp\/v2\/pages\/150","targetHints":{"allow":["GET"]}}],"collection":[{"href":"https:\/\/przychodnia-flt.pl\/index.php?rest_route=\/wp\/v2\/pages"}],"about":[{"href":"https:\/\/przychodnia-flt.pl\/index.php?rest_route=\/wp\/v2\/types\/page"}],"author":[{"embeddable":true,"href":"https:\/\/przychodnia-flt.pl\/index.php?rest_route=\/wp\/v2\/users\/5"}],"replies":[{"embeddable":true,"href":"https:\/\/przychodnia-flt.pl\/index.php?rest_route=%2Fwp%2Fv2%2Fcomments&post=150"}],"version-history":[{"count":3,"href":"https:\/\/przychodnia-flt.pl\/index.php?rest_route=\/wp\/v2\/pages\/150\/revisions"}],"predecessor-version":[{"id":165,"href":"https:\/\/przychodnia-flt.pl\/index.php?rest_route=\/wp\/v2\/pages\/150\/revisions\/165"}],"wp:attachment":[{"href":"https:\/\/przychodnia-flt.pl\/index.php?rest_route=%2Fwp%2Fv2%2Fmedia&parent=150"}],"curies":[{"name":"wp","href":"https:\/\/api.w.org\/{rel}","templated":true}]}}