{"id":154,"date":"2018-09-10T14:55:30","date_gmt":"2018-09-10T12:55:30","guid":{"rendered":"https:\/\/przychodnia.flt.krasnik.pl\/?page_id=154"},"modified":"2018-09-10T14:56:46","modified_gmt":"2018-09-10T12:56:46","slug":"o-poradni","status":"publish","type":"page","link":"https:\/\/przychodnia-flt.pl\/?page_id=154","title":{"rendered":"O poradni"},"content":{"rendered":"<div class=\"region region-content\">\n<div id=\"block-system-main\" class=\"block block-system\">\n<div class=\"content\">\n<div class=\"content\">\n<div class=\"field field-name-body field-type-text-with-summary field-label-hidden\">\n<div class=\"field-items\">\n<div class=\"field-item even\">\n<p><strong><em>Poradnia Medycyny Pracy wykonuje badania:<\/em><\/strong><\/p>\n<p>&#8211; wst\u0119pne (przyj\u0119cie do pracy)<\/p>\n<p>&#8211; okresowe<\/p>\n<p>&#8211; kontrolne (po zwolnieniu lekarskim powy\u017cej 30 dni)<\/p>\n<p>&nbsp;<\/p>\n<p><em><strong>Wykonujemy badania:<\/strong><\/em><\/p>\n<p>&#8211; pracownik\u00f3w umys\u0142owych<\/p>\n<p>&#8211; pracownik\u00f3w fizycznych<\/p>\n<p>&#8211; pracownik\u00f3w fizycznych z prac\u0105 na wysoko\u015bciach<\/p>\n<p>&#8211; kierowcom prawo jazdy kategorii B,C,D<\/p>\n<p>&#8211; badania psychologiczne<\/p>\n<p>&#8211; wpisy do ksi\u0105\u017ceczek zdrowia<\/p>\n<p>&#8211; badania dla spawaczy<\/p>\n<p>&nbsp;<\/p>\n<p><u><em><strong>Posiadamy w\u0142asne Laboratorium.<\/strong><\/em><\/u><\/p>\n<p>&nbsp;<\/p>\n<p><em><strong>Wsp\u00f3\u0142pracujemy z gabinetami:<\/strong><\/em><\/p>\n<p>&#8211; okulistycznym<\/p>\n<p>&#8211; laryngologicznym<\/p>\n<p>&#8211; neurologicznym<\/p>\n<p>&#8211; dermatologicznym<\/p>\n<p>&nbsp;<\/p>\n<p><em><strong>Na miejscu wykonujemy badania takie jak:<\/strong><\/em><\/p>\n<p>&#8211; spirometria<\/p>\n<p>&#8211; audiogram<\/p>\n<p>&#8211; EKG<\/p>\n<p>&#8211; RTG klatki piersiowej<\/p>\n<\/div>\n<\/div>\n<\/div>\n<\/div>\n<\/div>\n<\/div>\n<\/div>\n","protected":false},"excerpt":{"rendered":"<p>Poradnia Medycyny Pracy wykonuje badania: &#8211; wst\u0119pne (przyj\u0119cie do pracy) &#8211; okresowe &#8211; kontrolne (po zwolnieniu lekarskim powy\u017cej 30 dni) &nbsp; Wykonujemy badania: &#8211; pracownik\u00f3w umys\u0142owych &#8211; pracownik\u00f3w fizycznych &#8211; pracownik\u00f3w fizycznych z prac\u0105 na wysoko\u015bciach &#8211; kierowcom prawo jazdy kategorii B,C,D &#8211; badania psychologiczne &#8211; wpisy do ksi\u0105\u017ceczek zdrowia &#8211; badania dla spawaczy &nbsp; [&hellip;]<\/p>\n","protected":false},"author":5,"featured_media":0,"parent":0,"menu_order":0,"comment_status":"closed","ping_status":"closed","template":"","meta":{"footnotes":""},"class_list":["post-154","page","type-page","status-publish","hentry"],"_links":{"self":[{"href":"https:\/\/przychodnia-flt.pl\/index.php?rest_route=\/wp\/v2\/pages\/154","targetHints":{"allow":["GET"]}}],"collection":[{"href":"https:\/\/przychodnia-flt.pl\/index.php?rest_route=\/wp\/v2\/pages"}],"about":[{"href":"https:\/\/przychodnia-flt.pl\/index.php?rest_route=\/wp\/v2\/types\/page"}],"author":[{"embeddable":true,"href":"https:\/\/przychodnia-flt.pl\/index.php?rest_route=\/wp\/v2\/users\/5"}],"replies":[{"embeddable":true,"href":"https:\/\/przychodnia-flt.pl\/index.php?rest_route=%2Fwp%2Fv2%2Fcomments&post=154"}],"version-history":[{"count":2,"href":"https:\/\/przychodnia-flt.pl\/index.php?rest_route=\/wp\/v2\/pages\/154\/revisions"}],"predecessor-version":[{"id":163,"href":"https:\/\/przychodnia-flt.pl\/index.php?rest_route=\/wp\/v2\/pages\/154\/revisions\/163"}],"wp:attachment":[{"href":"https:\/\/przychodnia-flt.pl\/index.php?rest_route=%2Fwp%2Fv2%2Fmedia&parent=154"}],"curies":[{"name":"wp","href":"https:\/\/api.w.org\/{rel}","templated":true}]}}