{"id":182,"date":"2018-09-11T10:59:53","date_gmt":"2018-09-11T08:59:53","guid":{"rendered":"https:\/\/przychodnia.flt.krasnik.pl\/?page_id=182"},"modified":"2022-02-04T17:04:37","modified_gmt":"2022-02-04T15:04:37","slug":"kontakt","status":"publish","type":"page","link":"https:\/\/przychodnia-flt.pl\/?page_id=182","title":{"rendered":"Aktualno\u015bci"},"content":{"rendered":"<p><strong><a href=\"https:\/\/www.nfz.gov.pl\/aktualnosci\/aktualnosci-centrali\/przeziebienie-a-moze-covid-19-sprawdz-co-zrobic,8102.html\" target=\"_blank\" rel=\"noopener\"><span style=\"color: #ff0000;\">UWAGA -Przezi\u0119bienie, a mo\u017ce COVID-19? Sprawd\u017a, co zrobi\u0107<\/span><\/a><\/strong><\/p>\n<p>Przezi\u0119bienie, a mo\u017ce to grypa lub COVID-19? Jak sprawdzisz, co Ci dolega? Skorzystaj z naszego praktycznego przewodnika. Doradzimy, krok po kroku, co zrobi\u0107, gdy masz pierwsze objawy infekcji.\u00a0 \u00a0<a href=\"https:\/\/www.nfz.gov.pl\/aktualnosci\/aktualnosci-centrali\/przeziebienie-a-moze-covid-19-sprawdz-co-zrobic,8102.html\" target=\"_blank\" rel=\"noopener\">czytaj dalej&gt;<\/a><\/p>\n<p>&nbsp;<\/p>\n<p><a href=\"https:\/\/przychodnia-flt.pl\/?3d-flip-book=koronawirus-pamietaj\">Koronawirus-Pami\u0119taj<\/a><\/p>\n<p>&nbsp;<\/p>\n<p>W roku 2020 ze \u015brodk\u00f3w prewencyjnych PZU \u017bycie S.A.\u00a0 zosta\u0142 zakupiony sprz\u0119t medyczny dla Przychodni F\u0141T Kra\u015bnik S.A.<\/p>\n<p>Zakupili\u015bmy Aparat do dwukomorowej elektroterapii i laseroterapii, lamp\u0119 szczelinow\u0105, aparat Pi\u00f3rkowskiego z zestawem norm i podr\u0119cznik\u00f3w oraz miernik czasu reakcji.<\/p>\n<p>Warto\u015b\u0107 zakupionego sprz\u0119tu to 25 tysi\u0119cy z\u0142otych.<\/p>\n","protected":false},"excerpt":{"rendered":"<p>UWAGA -Przezi\u0119bienie, a mo\u017ce COVID-19? Sprawd\u017a, co zrobi\u0107 Przezi\u0119bienie, a mo\u017ce to grypa lub COVID-19? Jak sprawdzisz, co Ci dolega? Skorzystaj z naszego praktycznego przewodnika. Doradzimy, krok po kroku, co zrobi\u0107, gdy masz pierwsze objawy infekcji.\u00a0 \u00a0czytaj dalej&gt; &nbsp; Koronawirus-Pami\u0119taj &nbsp; W roku 2020 ze \u015brodk\u00f3w prewencyjnych PZU \u017bycie S.A.\u00a0 zosta\u0142 zakupiony sprz\u0119t medyczny dla [&hellip;]<\/p>\n","protected":false},"author":5,"featured_media":0,"parent":0,"menu_order":0,"comment_status":"closed","ping_status":"closed","template":"","meta":{"footnotes":""},"class_list":["post-182","page","type-page","status-publish","hentry"],"_links":{"self":[{"href":"https:\/\/przychodnia-flt.pl\/index.php?rest_route=\/wp\/v2\/pages\/182","targetHints":{"allow":["GET"]}}],"collection":[{"href":"https:\/\/przychodnia-flt.pl\/index.php?rest_route=\/wp\/v2\/pages"}],"about":[{"href":"https:\/\/przychodnia-flt.pl\/index.php?rest_route=\/wp\/v2\/types\/page"}],"author":[{"embeddable":true,"href":"https:\/\/przychodnia-flt.pl\/index.php?rest_route=\/wp\/v2\/users\/5"}],"replies":[{"embeddable":true,"href":"https:\/\/przychodnia-flt.pl\/index.php?rest_route=%2Fwp%2Fv2%2Fcomments&post=182"}],"version-history":[{"count":9,"href":"https:\/\/przychodnia-flt.pl\/index.php?rest_route=\/wp\/v2\/pages\/182\/revisions"}],"predecessor-version":[{"id":381,"href":"https:\/\/przychodnia-flt.pl\/index.php?rest_route=\/wp\/v2\/pages\/182\/revisions\/381"}],"wp:attachment":[{"href":"https:\/\/przychodnia-flt.pl\/index.php?rest_route=%2Fwp%2Fv2%2Fmedia&parent=182"}],"curies":[{"name":"wp","href":"https:\/\/api.w.org\/{rel}","templated":true}]}}