{"id":185,"date":"2018-09-11T11:01:44","date_gmt":"2018-09-11T09:01:44","guid":{"rendered":"https:\/\/przychodnia.flt.krasnik.pl\/?page_id=185"},"modified":"2018-09-11T11:01:44","modified_gmt":"2018-09-11T09:01:44","slug":"laboratorium","status":"publish","type":"page","link":"https:\/\/przychodnia-flt.pl\/?page_id=185","title":{"rendered":"Laboratorium"},"content":{"rendered":"<h1 class=\"page-title\">Zakres bada\u0144 laboratoryjnych<\/h1>\n<div class=\"region region-content\">\n<div id=\"block-system-main\" class=\"block block-system\">\n<div class=\"content\">\n<div class=\"content\">\n<div class=\"field field-name-body field-type-text-with-summary field-label-hidden\">\n<div class=\"field-items\">\n<div class=\"field-item even\">\n<h2><strong>Badania hematologiczne:<\/strong><\/h2>\n<ol>\n<li>OB.<img decoding=\"async\" class=\"alignright\" src=\"http:\/\/www.przychodnia-flt.pl\/sites\/default\/files\/lab2.jpg\" alt=\"\" \/><\/li>\n<li>Morfologia 5-Diff<\/li>\n<li>Morfologia CBC<\/li>\n<li>Mikroskopowa ocena rozmazu krwi<\/li>\n<li>Retykulocyty<\/li>\n<\/ol>\n<h2><strong>Badania z zakresu koagulologii:<\/strong><\/h2>\n<ol>\n<li>Czas protrombinowy (PT)\/ INR<\/li>\n<li>Czas koalinowo-kefalinowy (APTT)<\/li>\n<li>Fibrynogen<\/li>\n<li>Czas krwawienia<\/li>\n<li>Czas krzepni\u0119cia<\/li>\n<\/ol>\n<h2><strong>Badania z zakresu analityki og\u00f3lnej:<\/strong><\/h2>\n<ol>\n<li>Badanie og\u00f3lne moczu z ocen\u0105 mikroskopow\u0105 osadu<\/li>\n<li>Oznaczenie w moczu : glukozy, cia\u0142 ketonowych<\/li>\n<li>Ilo\u015bciowe oznaczenie w moczu bia\u0142ka<\/li>\n<li>Badanie ka\u0142u w kierunku paso\u017cyt\u00f3w<\/li>\n<li>Badanie ka\u0142u na krew utajon\u0105 \u2013 test p\u0142ytkowy<\/li>\n<\/ol>\n<h2><strong>Badania\u00a0 biochemiczne:<\/strong><\/h2>\n<ol>\n<li>Glukoza<\/li>\n<li>Cholesterol ca\u0142kowity<\/li>\n<li>Cholesterol \u2013HDL<\/li>\n<li>Cholesterol- LDL<\/li>\n<li>Tr\u00f3j glicerydy<\/li>\n<li>Mocznik<\/li>\n<li>Kreatynina<\/li>\n<li>Kwas moczowy<\/li>\n<li>Bilirubina ca\u0142kowita<\/li>\n<li>Aminotransferaza alaninowa (ALAT)<\/li>\n<li>Aminotransferaza asparaginowa (ASAT)<\/li>\n<li>Gammaglutamylotranspeptydaza (GGTP)<\/li>\n<li>Amylaza<\/li>\n<li>\u017belazo<\/li>\n<li>Ca\u0142kowita zdolno\u015b\u0107 wi\u0105zania \u017celaza TIBIC<\/li>\n<li>S\u00f3d -Na<\/li>\n<li>Potas \u2013 K<\/li>\n<li>Transferryna<\/li>\n<\/ol>\n<p>Oraz inne specjalistyczne badania biochemiczne<\/p>\n<h2><strong>Badania z zakresu immunochemii:<\/strong><\/h2>\n<ol>\n<li>TSH<\/li>\n<li>PSA \u2013 ca\u0142kowite<\/li>\n<li>fPSA \u2013 wolne<\/li>\n<li>FT3<\/li>\n<li>FT4<\/li>\n<li>Przeciwcia\u0142a antytyreoglobulinowe (anty-TG)<\/li>\n<li>Przeciwcia\u0142a przeciw peroksydazie tarczycowej (anty-TPO)<\/li>\n<\/ol>\n<p>Oraz wiele innych bada\u0144 z zakresu immunochemii, chor\u00f3b infekcyjnych, alergologii, immunologii , bakteriologii, markery nowotworowe.<\/p>\n<p>&nbsp;<\/p>\n<p><em>Wykonujemy szereg bada\u0144 podstawowych oraz specjalistycznych. <\/em><\/p>\n<p><em>Szczeg\u00f3lnie polecamy Pa\u0144stwu <u>PAKIETY<\/u> bada\u0144 laboratoryjnych <u>BEZ SKIEROWANIA !!!!<\/u><\/em><\/p>\n<p>&nbsp;<\/p>\n<p><em><u>PAKIET OG\u00d3LNY (8 PARAMETR\u00d3W)\u00a0\u00a0\u00a0\u00a0\u00a0\u00a0\u00a0\u00a0\u00a0 <strong>53 z\u0142<\/strong><\/u><\/em><\/p>\n<p><em>Morfologia krwi obwodowej (5Dif)<\/em><\/p>\n<p><em>Odczyn opadania krwinek czerwonych (OB)<\/em><\/p>\n<p><em>Badanie og\u00f3lne moczu<\/em><\/p>\n<p><em>Elektrolity w surowicy (s\u00f3d, potas)<\/em><\/p>\n<p><em>Glukoza w osoczu<\/em><\/p>\n<p><em>Cholesterol w surowicy<\/em><\/p>\n<p><em>Kwas moczowy<\/em><\/p>\n<p><em>Kreatynina w surowicy<\/em><\/p>\n<p>&nbsp;<\/p>\n<p><em><u>PAKIET W\u0104TROBOWY (3 PARAMETRY)\u00a0\u00a0\u00a0\u00a0\u00a0\u00a0\u00a0\u00a0\u00a0 <strong>25 z\u0142<\/strong><\/u><\/em><\/p>\n<p><em>Aminotransferaza alaninowa (ALT)<\/em><\/p>\n<p><em>Aminotransferaza asparaginianowa (AST)<\/em><\/p>\n<p><em>Bilirubina ca\u0142kowita<\/em><\/p>\n<p><em>Bia\u0142ko ca\u0142kowite<\/em><\/p>\n<p>&nbsp;<\/p>\n<p><em><u>PAKIET NERKOWY (5 PARAMETR\u00d3W)\u00a0\u00a0\u00a0\u00a0\u00a0\u00a0\u00a0\u00a0\u00a0 <strong>35 z\u0142<\/strong><\/u><\/em><\/p>\n<p><em>Badanie og\u00f3lne moczu<\/em><\/p>\n<p><em>S\u00f3d i potas w surowicy<\/em><\/p>\n<p><em>Mocznik w surowicy<\/em><\/p>\n<p><em>Kwas moczowy w surowicy<\/em><\/p>\n<p><em>Kreatynina w surowicy<\/em><\/p>\n<p>&nbsp;<\/p>\n<p><em><u>PAKIET TRZUSTKOWY (4 PARAMETRY)\u00a0\u00a0\u00a0\u00a0\u00a0\u00a0\u00a0\u00a0\u00a0 <strong>30 z\u0142<\/strong><\/u><\/em><\/p>\n<p><em>Amylaza w surowicy<\/em><\/p>\n<p><em>Amylaza w moczu<\/em><\/p>\n<p><em>Lipaza w surowicy<\/em><\/p>\n<p><em>Glukoza w osoczu<\/em><\/p>\n<p>&nbsp;<\/p>\n<p><em><u>PAKIET TARCZYCOWY (3 PARAMETRY)\u00a0\u00a0\u00a0\u00a0\u00a0\u00a0\u00a0\u00a0\u00a0 <strong>45 z\u0142<\/strong><\/u><\/em><\/p>\n<p><em>Hormon tyreotropowy (TSH)<\/em><\/p>\n<p><em>Tyroksyna wolna (fT4)<\/em><\/p>\n<p><em>Trijodotyronina wolna (fT3)<\/em><\/p>\n<p>&nbsp;<\/p>\n<p><em><u>PAKIET LIPIDOWY (4 PARAMETRY)\u00a0\u00a0\u00a0\u00a0\u00a0\u00a0\u00a0\u00a0\u00a0 <strong>25 z\u0142<\/strong><\/u><\/em><\/p>\n<p><em>Cholesterol ca\u0142kowity<\/em><\/p>\n<p><em>Cholesterol HDL<\/em><\/p>\n<p><em>Cholesterol LDL<\/em><\/p>\n<p><em>Tr\u00f3jglicerydy<\/em><\/p>\n<p>&nbsp;<\/p>\n<p><em><u>PAKIET TRAWIENNY (9 PARAMETR\u00d3W)\u00a0\u00a0\u00a0\u00a0\u00a0\u00a0\u00a0\u00a0\u00a0 <strong>75 z\u0142<\/strong><\/u><\/em><\/p>\n<p><em>Morfologia krwi obwodowej<\/em><\/p>\n<p><em>Badanie og\u00f3lne moczu<\/em><\/p>\n<p><em>Bia\u0142ko C-reaktywne (CRP)<\/em><\/p>\n<p><em>Amylaza w surowicy<\/em><\/p>\n<p><em>Mocznik w surowicy<\/em><\/p>\n<p><em>Kreatynina w surowicy<\/em><\/p>\n<p><em>Aminotransferaza alaninowa (ALT)<\/em><\/p>\n<p><em>Aminotransferaza asparaginianowa (AST)<\/em><\/p>\n<p><em>Ka\u0142 (badanie parazytologiczne)<\/em><\/p>\n<p>&nbsp;<\/p>\n<p><em><u>PAKIET MA\u0141EGO DZIECKA (5 PARAMETR\u00d3W)\u00a0\u00a0\u00a0\u00a0\u00a0\u00a0\u00a0\u00a0\u00a0 <\/u><u><strong>55 z\u0142<\/strong><\/u><\/em><\/p>\n<p><em>Morfologia krwi obwodowej<\/em><\/p>\n<p><em>Rozmaz r\u0119czny krwi obwodowej<\/em><\/p>\n<p><em>Badanie og\u00f3lne moczu<\/em><\/p>\n<p><em>CRP (bia\u0142ko C-reaktywne)<\/em><\/p>\n<p><em>ASO (odczyn antystreptolizynowy)<\/em><\/p>\n<p>&nbsp;<\/p>\n<\/div>\n<\/div>\n<\/div>\n<\/div>\n<\/div>\n<\/div>\n<\/div>\n","protected":false},"excerpt":{"rendered":"<p>Zakres bada\u0144 laboratoryjnych Badania hematologiczne: OB. Morfologia 5-Diff Morfologia CBC Mikroskopowa ocena rozmazu krwi Retykulocyty Badania z zakresu koagulologii: Czas protrombinowy (PT)\/ INR Czas koalinowo-kefalinowy (APTT) Fibrynogen Czas krwawienia Czas krzepni\u0119cia Badania z zakresu analityki og\u00f3lnej: Badanie og\u00f3lne moczu z ocen\u0105 mikroskopow\u0105 osadu Oznaczenie w moczu : glukozy, cia\u0142 ketonowych Ilo\u015bciowe oznaczenie w moczu bia\u0142ka [&hellip;]<\/p>\n","protected":false},"author":5,"featured_media":0,"parent":0,"menu_order":0,"comment_status":"closed","ping_status":"closed","template":"","meta":{"footnotes":""},"class_list":["post-185","page","type-page","status-publish","hentry"],"_links":{"self":[{"href":"https:\/\/przychodnia-flt.pl\/index.php?rest_route=\/wp\/v2\/pages\/185","targetHints":{"allow":["GET"]}}],"collection":[{"href":"https:\/\/przychodnia-flt.pl\/index.php?rest_route=\/wp\/v2\/pages"}],"about":[{"href":"https:\/\/przychodnia-flt.pl\/index.php?rest_route=\/wp\/v2\/types\/page"}],"author":[{"embeddable":true,"href":"https:\/\/przychodnia-flt.pl\/index.php?rest_route=\/wp\/v2\/users\/5"}],"replies":[{"embeddable":true,"href":"https:\/\/przychodnia-flt.pl\/index.php?rest_route=%2Fwp%2Fv2%2Fcomments&post=185"}],"version-history":[{"count":1,"href":"https:\/\/przychodnia-flt.pl\/index.php?rest_route=\/wp\/v2\/pages\/185\/revisions"}],"predecessor-version":[{"id":186,"href":"https:\/\/przychodnia-flt.pl\/index.php?rest_route=\/wp\/v2\/pages\/185\/revisions\/186"}],"wp:attachment":[{"href":"https:\/\/przychodnia-flt.pl\/index.php?rest_route=%2Fwp%2Fv2%2Fmedia&parent=185"}],"curies":[{"name":"wp","href":"https:\/\/api.w.org\/{rel}","templated":true}]}}