{"id":189,"date":"2018-09-11T11:04:41","date_gmt":"2018-09-11T09:04:41","guid":{"rendered":"https:\/\/przychodnia.flt.krasnik.pl\/?page_id=189"},"modified":"2025-03-13T23:46:55","modified_gmt":"2025-03-13T21:46:55","slug":"pracownia-rtg","status":"publish","type":"page","link":"https:\/\/przychodnia-flt.pl\/?page_id=189","title":{"rendered":"Pracownia RTG"},"content":{"rendered":"<div class=\"field field-name-field-nazwa-poradni field-type-text field-label-hidden\">\n<div class=\"field-item even\"><strong>\u00a0<\/strong><\/div>\n<\/div>\n<div class=\"field field-name-field-opis-poradni field-type-text-long field-label-hidden\">\n<div class=\"field-items\">\n<div class=\"field-item even\">\n<p><u>Telefon do poradni 81 825 78 11<\/u><\/p>\n<p>&nbsp;<\/p>\n<p>Gabinet RTG czynny jest codziennie <u>7:00 &#8211; 14:35<\/u><\/p>\n<p>Zdj\u0119cia wykonywane s\u0105 codziennie od poniedzia\u0142ku do pi\u0105tku<\/p>\n<p>w godzinach <u>7:15 &#8211; 13:30<\/u><\/p>\n<p>&nbsp;<\/p>\n<p>Zdj\u0119cia z opisem wydawane s\u0105 codziennie od godziny <u>7:15 &#8211; 13:30<\/u><\/p>\n<p>w gabinecie RTG.<\/p>\n<p>Po godzinie <u>13:30 &#8211; 18:00<\/u> wydawane s\u0105 w gabinecie zabiegowym.<\/p>\n<p>&nbsp;<\/p>\n<p><u>Pracownia RTG wykonuje r\u00f3wnie\u017c zdj\u0119cia za odp\u0142atno\u015bci\u0105. <\/u><\/p>\n<p>CENNIK ZDJ\u0118\u0106 RTG &#8211; obowi\u0105zuje od 1.01.2025r.<\/p>\n<\/div>\n<div class=\"field-items\">\n<p class=\"Standard\">Opis Rtg-40,00 z\u0142<\/p>\n<\/div>\n<p><strong><em><u>KO\u0143CZYNA G\u00d3RNA I OBR\u0118CZ KO\u0143CZYNY G\u00d3RNEJ<\/u><\/em><\/strong><\/p>\n<div class=\"field-item even\">\n<table width=\"506\">\n<tbody>\n<tr>\n<td width=\"30\">LP.<\/td>\n<td width=\"398\">RTG<\/td>\n<td width=\"78\">CENA<\/td>\n<\/tr>\n<tr>\n<td width=\"30\">1<\/td>\n<td width=\"398\">Palca<\/td>\n<td width=\"78\">35,00<\/td>\n<\/tr>\n<tr>\n<td width=\"30\">2<\/td>\n<td width=\"398\">D\u0142oni por\u00f3wnawcze PA<\/td>\n<td width=\"78\">50,00<\/td>\n<\/tr>\n<tr>\n<td width=\"30\">3<\/td>\n<td width=\"398\">D\u0142oni por\u00f3wnawcze PA+skos<\/td>\n<td width=\"78\">60,00<\/td>\n<\/tr>\n<tr>\n<td width=\"30\">4<\/td>\n<td width=\"398\">Nadgarstka<\/td>\n<td width=\"78\">35,00<\/td>\n<\/tr>\n<tr>\n<td width=\"30\">5<\/td>\n<td width=\"398\">Nadgarstka por\u00f3wnawcze PA+boczne<\/td>\n<td width=\"78\">60,00<\/td>\n<\/tr>\n<tr>\n<td width=\"30\">6<\/td>\n<td width=\"398\">Kana\u0142\u00f3w nadgarstka<\/td>\n<td width=\"78\">40,00<\/td>\n<\/tr>\n<tr>\n<td width=\"30\">7<\/td>\n<td width=\"398\">Przedramienia<\/td>\n<td width=\"78\">40,00<\/td>\n<\/tr>\n<tr>\n<td width=\"30\">8<\/td>\n<td width=\"398\">Przedramienia por\u00f3wnawcze PA+boczne<\/td>\n<td width=\"78\">60,00<\/td>\n<\/tr>\n<tr>\n<td width=\"30\">9<\/td>\n<td width=\"398\">\u0141okcia<\/td>\n<td width=\"78\">50,00<\/td>\n<\/tr>\n<tr>\n<td width=\"30\">10<\/td>\n<td width=\"398\">\u0141okci por\u00f3wnawcze AP +boczne<\/td>\n<td width=\"78\">60,00<\/td>\n<\/tr>\n<tr>\n<td width=\"30\">11<\/td>\n<td width=\"398\">Ko\u015bci ramiennej<\/td>\n<td width=\"78\">40,00<\/td>\n<\/tr>\n<tr>\n<td width=\"30\">12<\/td>\n<td width=\"398\">Ko\u015bci ramiennej por\u00f3wnawcze<\/td>\n<td width=\"78\">70,00<\/td>\n<\/tr>\n<tr>\n<td width=\"30\">13<\/td>\n<td width=\"398\">Ko\u015bci ramiennej transtoraklane<\/td>\n<td width=\"78\">50,00<\/td>\n<\/tr>\n<tr>\n<td width=\"30\">14<\/td>\n<td width=\"398\">Stawu barkowego AP<\/td>\n<td width=\"78\">45,00<\/td>\n<\/tr>\n<tr>\n<td width=\"30\">15<\/td>\n<td width=\"398\">Stawu barkowego AP +osiowe<\/td>\n<td width=\"78\">70,00<\/td>\n<\/tr>\n<tr>\n<td width=\"30\">16<\/td>\n<td width=\"398\">Stawu barkowego por\u00f3wnawcze\u00a0 AP<\/td>\n<td width=\"78\">60,00<\/td>\n<\/tr>\n<tr>\n<td width=\"30\">17<\/td>\n<td width=\"398\">Stawu barkowego por\u00f3wnawcze\u00a0 AP+osiowe<\/td>\n<td width=\"78\">90,00<\/td>\n<\/tr>\n<tr>\n<td width=\"30\">18<\/td>\n<td width=\"398\">Obojczyka<\/td>\n<td width=\"78\">45,00<\/td>\n<\/tr>\n<tr>\n<td width=\"30\">19<\/td>\n<td width=\"398\">Obojczyk\u00f3w P+L<\/td>\n<td width=\"78\">70,00<\/td>\n<\/tr>\n<tr>\n<td width=\"30\">20<\/td>\n<td width=\"398\">Staw\u00f3w mostkowo obojczykowych<\/td>\n<td width=\"78\">60,00<\/td>\n<\/tr>\n<tr>\n<td width=\"30\">21<\/td>\n<td width=\"398\">\u0141opatki<\/td>\n<td width=\"78\">45,00<\/td>\n<\/tr>\n<tr>\n<td width=\"30\">22<\/td>\n<td width=\"398\">\u0141opatki AP +styczne<\/td>\n<td width=\"78\">70,00<\/td>\n<\/tr>\n<\/tbody>\n<\/table>\n<p><strong><em><u>KO\u0143CZYNA DOLNA I OBR\u0118CZ KO\u0143CZYNY DOLNEJ<\/u><\/em><\/strong><\/p>\n<\/div>\n<div>\n<table width=\"506\">\n<tbody>\n<tr>\n<td width=\"30\">LP.<\/td>\n<td width=\"398\">RTG<\/td>\n<td width=\"78\">CENA<\/td>\n<\/tr>\n<tr>\n<td width=\"30\">1<\/td>\n<td width=\"398\">\u015ar\u00f3dstopia\/stopa<\/td>\n<td width=\"78\">50,00<\/td>\n<\/tr>\n<tr>\n<td width=\"30\">2<\/td>\n<td width=\"398\">\u015ar\u00f3dstopia\/st\u00f3p AP<\/td>\n<td width=\"78\">60,00<\/td>\n<\/tr>\n<tr>\n<td width=\"30\">3<\/td>\n<td width=\"398\">\u015ar\u00f3dstopia\/st\u00f3p AP +boczne<\/td>\n<td width=\"78\">70,00<\/td>\n<\/tr>\n<tr>\n<td width=\"30\">4<\/td>\n<td width=\"398\">Pi\u0119ty<\/td>\n<td width=\"78\">35,00<\/td>\n<\/tr>\n<tr>\n<td width=\"30\">5<\/td>\n<td width=\"398\">Pi\u0119ty por\u00f3wnawcze boczne<\/td>\n<td width=\"78\">50,00<\/td>\n<\/tr>\n<tr>\n<td width=\"30\">6<\/td>\n<td width=\"398\">Pi\u0119ty por\u00f3wnawcze boczne +osiowe<\/td>\n<td width=\"78\">70,00<\/td>\n<\/tr>\n<tr>\n<td width=\"30\">7<\/td>\n<td width=\"398\">Stawu skokowego<\/td>\n<td width=\"78\">45,00<\/td>\n<\/tr>\n<tr>\n<td width=\"30\">8<\/td>\n<td width=\"398\">Staw\u00f3w skokowych por\u00f3wnawcze AP<\/td>\n<td width=\"78\">50,00<\/td>\n<\/tr>\n<tr>\n<td width=\"30\">9<\/td>\n<td width=\"398\">Staw\u00f3w skokowych por\u00f3wnawcze AP+boczne<\/td>\n<td width=\"78\">70,00<\/td>\n<\/tr>\n<tr>\n<td width=\"30\">10<\/td>\n<td width=\"398\">Podudzia<\/td>\n<td width=\"78\">45,00<\/td>\n<\/tr>\n<tr>\n<td width=\"30\">11<\/td>\n<td width=\"398\">Podudzia por\u00f3wnawcze AP<\/td>\n<td width=\"78\">60,00<\/td>\n<\/tr>\n<tr>\n<td width=\"30\">12<\/td>\n<td width=\"398\">Podudzia por\u00f3wnawcze AP+boczne<\/td>\n<td width=\"78\">80,00<\/td>\n<\/tr>\n<tr>\n<td width=\"30\">13<\/td>\n<td width=\"398\">Stawu kolanowego<\/td>\n<td width=\"78\">45,00<\/td>\n<\/tr>\n<tr>\n<td width=\"30\">14<\/td>\n<td width=\"398\">Staw\u00f3w kolanowych AP<\/td>\n<td width=\"78\">70,00<\/td>\n<\/tr>\n<tr>\n<td width=\"30\">15<\/td>\n<td width=\"398\">Staw\u00f3w kolanowych AP+boczne<\/td>\n<td width=\"78\">90,00<\/td>\n<\/tr>\n<tr>\n<td width=\"30\">16<\/td>\n<td width=\"398\">Stawu kolanowego + osiowe rzepki<\/td>\n<td width=\"78\">70,00<\/td>\n<\/tr>\n<tr>\n<td width=\"30\">17<\/td>\n<td width=\"398\">Stawu kolanowego+ osiowe rzepki 30,60,90<\/td>\n<td width=\"78\">80,00<\/td>\n<\/tr>\n<tr>\n<td width=\"30\">18<\/td>\n<td width=\"398\">Staw\u00f3w kolanowych +osiowe rzepki 30,60,90<\/td>\n<td width=\"78\">100,00<\/td>\n<\/tr>\n<tr>\n<td width=\"30\">19<\/td>\n<td width=\"398\">Ko\u015bci udowej<\/td>\n<td width=\"78\">50,00<\/td>\n<\/tr>\n<tr>\n<td width=\"30\">20<\/td>\n<td width=\"398\">Ko\u015bci udowej por\u00f3wnawcza<\/td>\n<td width=\"78\">70,00<\/td>\n<\/tr>\n<tr>\n<td width=\"30\">21<\/td>\n<td width=\"398\">Ko\u015bci udowej por\u00f3wnawcza+boczne<\/td>\n<td width=\"78\">90,00<\/td>\n<\/tr>\n<tr>\n<td width=\"30\">22<\/td>\n<td width=\"398\">Stawu biodrowego<\/td>\n<td width=\"78\">50,00<\/td>\n<\/tr>\n<tr>\n<td width=\"30\">23<\/td>\n<td width=\"398\">Stawu biodrowego AP+osiowe<\/td>\n<td width=\"78\">80,00<\/td>\n<\/tr>\n<tr>\n<td width=\"30\">24<\/td>\n<td width=\"398\">Staw\u00f3w biodrowych AP<\/td>\n<td width=\"78\">60,00<\/td>\n<\/tr>\n<tr>\n<td width=\"30\">25<\/td>\n<td width=\"398\">Staw\u00f3w biodrowych AP+osiowe<\/td>\n<td width=\"78\">80,00<\/td>\n<\/tr>\n<tr>\n<td width=\"30\">26<\/td>\n<td width=\"398\">Staw\u00f3w biodrowych u niemowl\u0105t AP<\/td>\n<td width=\"78\">60,00<\/td>\n<\/tr>\n<tr>\n<td width=\"30\">27<\/td>\n<td width=\"398\">Staw\u00f3w biodrowych u niemowl\u0105t AP+OSIOWE<\/td>\n<td width=\"78\">80,00<\/td>\n<\/tr>\n<tr>\n<td width=\"30\">28<\/td>\n<td width=\"398\">Staw\u00f3w krzy\u017cowo-biodrowych<\/td>\n<td width=\"78\">60,00<\/td>\n<\/tr>\n<tr>\n<td width=\"30\">29<\/td>\n<td width=\"398\">Miednicy<\/td>\n<td width=\"78\">70,00<\/td>\n<\/tr>\n<tr>\n<td width=\"30\">30<\/td>\n<td width=\"398\">Miednicy ma\u0142ej \/ko\u015bci guzicznych<\/td>\n<td width=\"78\">60,00<\/td>\n<\/tr>\n<\/tbody>\n<\/table>\n<\/div>\n<div class=\"field-item even\">\n<p><strong><em><u>CZASZKA<\/u><\/em><\/strong><\/p>\n<table width=\"506\">\n<tbody>\n<tr>\n<td width=\"30\">LP.<\/td>\n<td width=\"398\">RTG<\/td>\n<td width=\"78\">CENA<\/td>\n<\/tr>\n<tr>\n<td width=\"30\">1<\/td>\n<td width=\"398\">Czaszka<\/td>\n<td width=\"78\">60,00<\/td>\n<\/tr>\n<tr>\n<td width=\"30\">2<\/td>\n<td width=\"398\">Czaszka-Town<\/td>\n<td width=\"78\">60,00<\/td>\n<\/tr>\n<tr>\n<td width=\"30\">3<\/td>\n<td width=\"398\">Czaszka-podstawa +osiowe<\/td>\n<td width=\"78\">80,00<\/td>\n<\/tr>\n<tr>\n<td width=\"30\">4<\/td>\n<td width=\"398\">Twarzoczaszka<\/td>\n<td width=\"78\">60,00<\/td>\n<\/tr>\n<tr>\n<td width=\"30\">5<\/td>\n<td width=\"398\">Siode\u0142ko tureckie<\/td>\n<td width=\"78\">40,00<\/td>\n<\/tr>\n<tr>\n<td width=\"30\">6<\/td>\n<td width=\"398\">\u017buchwa-sko\u015bne<\/td>\n<td width=\"78\">70,00<\/td>\n<\/tr>\n<tr>\n<td width=\"30\">7<\/td>\n<td width=\"398\">\u017buchwa-sko\u015bne +PA<\/td>\n<td width=\"78\">85,00<\/td>\n<\/tr>\n<tr>\n<td width=\"30\">8<\/td>\n<td width=\"398\">Nos-boczne<\/td>\n<td width=\"78\">45,00<\/td>\n<\/tr>\n<tr>\n<td width=\"30\">9<\/td>\n<td width=\"398\">Nos-boczne +PA<\/td>\n<td width=\"78\">60,00<\/td>\n<\/tr>\n<tr>\n<td width=\"30\">10<\/td>\n<td width=\"398\">\u0141uki jarzmowe-transorbitalne<\/td>\n<td width=\"78\">40,00<\/td>\n<\/tr>\n<tr>\n<td width=\"30\">11<\/td>\n<td width=\"398\">Oczodo\u0142y<\/td>\n<td width=\"78\">50,00<\/td>\n<\/tr>\n<tr>\n<td width=\"30\">12<\/td>\n<td width=\"398\">Kana\u0142 nerwu wzrokowego<\/td>\n<td width=\"78\">40,00<\/td>\n<\/tr>\n<tr>\n<td width=\"30\">13<\/td>\n<td width=\"398\">Zatoki PA<\/td>\n<td width=\"78\">50,00<\/td>\n<\/tr>\n<tr>\n<td width=\"30\">14<\/td>\n<td width=\"398\">Zatoki PA +boczne<\/td>\n<td width=\"78\">70,00<\/td>\n<\/tr>\n<\/tbody>\n<\/table>\n<p><strong><em><u><br \/>\nKLATKA PIERSIOWA \u2013 JAMA BRZUSZNA<\/u><\/em><\/strong><\/p>\n<table width=\"506\">\n<tbody>\n<tr>\n<td width=\"30\">LP.<\/td>\n<td width=\"398\">RTG<\/td>\n<td width=\"78\">CENA<\/td>\n<\/tr>\n<tr>\n<td width=\"30\">1<\/td>\n<td width=\"398\">Klatka piersiowa PA<\/td>\n<td width=\"78\">60,00<\/td>\n<\/tr>\n<tr>\n<td width=\"30\">2<\/td>\n<td width=\"398\">Klatka piersiowa boczne<\/td>\n<td width=\"78\">50,00<\/td>\n<\/tr>\n<tr>\n<td width=\"30\">3<\/td>\n<td width=\"398\">Klatka piersiowa PA+boczne<\/td>\n<td width=\"78\">100,00<\/td>\n<\/tr>\n<tr>\n<td width=\"30\">4<\/td>\n<td width=\"398\">Klatka piersiowa PA-dzieci do lat 7<\/td>\n<td width=\"78\">80,00<\/td>\n<\/tr>\n<tr>\n<td width=\"30\">5<\/td>\n<td width=\"398\">Szczyty p\u0142uc<\/td>\n<td width=\"78\">70,00<\/td>\n<\/tr>\n<tr>\n<td width=\"30\">6<\/td>\n<td width=\"398\">Nosogard\u0142o<\/td>\n<td width=\"78\">&#8212;<\/td>\n<\/tr>\n<tr>\n<td width=\"30\">7<\/td>\n<td width=\"398\">\u017bebra jednostronne<\/td>\n<td width=\"78\">50,00<\/td>\n<\/tr>\n<tr>\n<td width=\"30\">8<\/td>\n<td width=\"398\">\u017bebra obustronne<\/td>\n<td width=\"78\">80,00<\/td>\n<\/tr>\n<tr>\n<td width=\"30\">9<\/td>\n<td width=\"398\">Mostek boczne<\/td>\n<td width=\"78\">55,00<\/td>\n<\/tr>\n<tr>\n<td width=\"30\">10<\/td>\n<td width=\"398\">Mostek boczne +PA<\/td>\n<td width=\"78\">70,00<\/td>\n<\/tr>\n<tr>\n<td width=\"30\">11<\/td>\n<td width=\"398\">Przegl\u0105dowa jama brzuszna<\/td>\n<td width=\"78\">70,00<\/td>\n<\/tr>\n<\/tbody>\n<\/table>\n<p><strong><em><u>KR\u0118GOS\u0141UP<\/u><\/em><\/strong><\/p>\n<table width=\"506\">\n<tbody>\n<tr>\n<td width=\"30\">LP.<\/td>\n<td width=\"398\">RTG<\/td>\n<td width=\"78\">CENA<\/td>\n<\/tr>\n<tr>\n<td width=\"30\">1<\/td>\n<td width=\"398\">Kr\u0119gos\u0142up szyjny<\/td>\n<td width=\"78\">80,00<\/td>\n<\/tr>\n<tr>\n<td width=\"30\">2<\/td>\n<td width=\"398\">Kr\u0119gos\u0142up szyjny-skosy<\/td>\n<td width=\"78\">90,00<\/td>\n<\/tr>\n<tr>\n<td width=\"30\">3<\/td>\n<td width=\"398\">Kr\u0119gos\u0142up szyjny+skosy<\/td>\n<td width=\"78\">60,00<\/td>\n<\/tr>\n<tr>\n<td width=\"30\">4<\/td>\n<td width=\"398\">Kr\u0119gos\u0142up szyjny-czynno\u015bciowe<\/td>\n<td width=\"78\">60,00<\/td>\n<\/tr>\n<tr>\n<td width=\"30\">5<\/td>\n<td width=\"398\">Kr\u0119gos\u0142up szyjny+czynno\u015bciowe<\/td>\n<td width=\"78\">80,00<\/td>\n<\/tr>\n<tr>\n<td width=\"30\">6<\/td>\n<td width=\"398\">Z\u0105b kr\u0119gu obrotowego<\/td>\n<td width=\"78\">50,00<\/td>\n<\/tr>\n<tr>\n<td width=\"30\">7<\/td>\n<td width=\"398\">Kr\u0119gos\u0142up piersiowy<\/td>\n<td width=\"78\">90,00<\/td>\n<\/tr>\n<tr>\n<td width=\"30\">8<\/td>\n<td width=\"398\">Kr\u0119gos\u0142up piersiowy+skosy<\/td>\n<td width=\"78\">120,00<\/td>\n<\/tr>\n<tr>\n<td width=\"30\">9<\/td>\n<td width=\"398\">Kr\u0119gos\u0142up krzy\u017cowo -l\u0119d\u017awiowy<\/td>\n<td width=\"78\">90,00<\/td>\n<\/tr>\n<tr>\n<td width=\"30\">10<\/td>\n<td width=\"398\">Kr\u0119gos\u0142up krzy\u017cowo -l\u0119d\u017awiowy+skosy<\/td>\n<td width=\"78\">120,00<\/td>\n<\/tr>\n<tr>\n<td width=\"30\">11<\/td>\n<td width=\"398\">Kr\u0119gos\u0142up-celowane AP+boczne<\/td>\n<td width=\"78\">100,00<\/td>\n<\/tr>\n<tr>\n<td width=\"30\">12<\/td>\n<td width=\"398\">Kr\u0119gos\u0142up celowane boczne<\/td>\n<td width=\"78\">60,00<\/td>\n<\/tr>\n<tr>\n<td width=\"30\">13<\/td>\n<td width=\"398\">Kr\u0119gos\u0142up TH-LS AP<\/td>\n<td width=\"78\">80,00<\/td>\n<\/tr>\n<tr>\n<td width=\"30\">14<\/td>\n<td width=\"398\">Kr\u0119gos\u0142up TH-LS AP+ boczne<\/td>\n<td width=\"78\">100,00<\/td>\n<\/tr>\n<tr>\n<td width=\"30\">15<\/td>\n<td width=\"398\">Ko\u015b\u0107 krzy\u017cowa<\/td>\n<td width=\"78\">60,00<\/td>\n<\/tr>\n<\/tbody>\n<\/table>\n<\/div>\n<\/div>\n<\/div>\n","protected":false},"excerpt":{"rendered":"<p>\u00a0 Telefon do poradni 81 825 78 11 &nbsp; Gabinet RTG czynny jest codziennie 7:00 &#8211; 14:35 Zdj\u0119cia wykonywane s\u0105 codziennie od poniedzia\u0142ku do pi\u0105tku w godzinach 7:15 &#8211; 13:30 &nbsp; Zdj\u0119cia z opisem wydawane s\u0105 codziennie od godziny 7:15 &#8211; 13:30 w gabinecie RTG. Po godzinie 13:30 &#8211; 18:00 wydawane s\u0105 w gabinecie zabiegowym. [&hellip;]<\/p>\n","protected":false},"author":5,"featured_media":0,"parent":0,"menu_order":0,"comment_status":"closed","ping_status":"closed","template":"","meta":{"footnotes":""},"class_list":["post-189","page","type-page","status-publish","hentry"],"_links":{"self":[{"href":"https:\/\/przychodnia-flt.pl\/index.php?rest_route=\/wp\/v2\/pages\/189","targetHints":{"allow":["GET"]}}],"collection":[{"href":"https:\/\/przychodnia-flt.pl\/index.php?rest_route=\/wp\/v2\/pages"}],"about":[{"href":"https:\/\/przychodnia-flt.pl\/index.php?rest_route=\/wp\/v2\/types\/page"}],"author":[{"embeddable":true,"href":"https:\/\/przychodnia-flt.pl\/index.php?rest_route=\/wp\/v2\/users\/5"}],"replies":[{"embeddable":true,"href":"https:\/\/przychodnia-flt.pl\/index.php?rest_route=%2Fwp%2Fv2%2Fcomments&post=189"}],"version-history":[{"count":13,"href":"https:\/\/przychodnia-flt.pl\/index.php?rest_route=\/wp\/v2\/pages\/189\/revisions"}],"predecessor-version":[{"id":477,"href":"https:\/\/przychodnia-flt.pl\/index.php?rest_route=\/wp\/v2\/pages\/189\/revisions\/477"}],"wp:attachment":[{"href":"https:\/\/przychodnia-flt.pl\/index.php?rest_route=%2Fwp%2Fv2%2Fmedia&parent=189"}],"curies":[{"name":"wp","href":"https:\/\/api.w.org\/{rel}","templated":true}]}}