{"id":212,"date":"2018-09-11T11:39:54","date_gmt":"2018-09-11T09:39:54","guid":{"rendered":"https:\/\/przychodnia.flt.krasnik.pl\/?page_id=212"},"modified":"2020-09-22T10:23:19","modified_gmt":"2020-09-22T08:23:19","slug":"dane-kontaktowe","status":"publish","type":"page","link":"https:\/\/przychodnia-flt.pl\/?page_id=212","title":{"rendered":"Dane kontaktowe"},"content":{"rendered":"<h1 class=\"page-title\">Kontakt<\/h1>\n<div class=\"region region-content\">\n<div id=\"block-system-main\" class=\"block block-system\">\n<div class=\"content\">\n<div class=\"content\">\n<div class=\"field field-name-body field-type-text-with-summary field-label-hidden\">\n<div class=\"field-items\">\n<div class=\"field-item even\">\n<h2 class=\"rtecenter\"><\/h2>\n<h2 class=\"rtecenter\"><\/h2>\n<h2 class=\"rtecenter\"><u><em>Przychodnia Fabryki \u0141o\u017cysk Tocznych Kra\u015bnik S.A.<\/em><\/u><\/h2>\n<h2 class=\"rtecenter\"><u><em>23-204 Kra\u015bnik, ul. Fabryczna 6<\/em><\/u><\/h2>\n<p>&nbsp;<\/p>\n<table border=\"0\" cellspacing=\"0\" cellpadding=\"0\" align=\"left\">\n<tbody>\n<tr>\n<td>\n<h3>REJESTRACJA<\/h3>\n<\/td>\n<td class=\"rtecenter\" colspan=\"1\" rowspan=\"1\"><strong>\u00a0\u00a0 81 825 74 00<\/strong>\u00a0 lub\u00a0<strong> 81 825 75 10<\/strong><\/td>\n<\/tr>\n<tr>\n<td>\n<h3>Kierownik<\/h3>\n<\/td>\n<td class=\"rtecenter\"><strong>\u00a0\u00a0 81 825 78 01<\/strong><\/td>\n<\/tr>\n<tr>\n<td>\n<h3>Gabinet zabiegowy<\/h3>\n<\/td>\n<td class=\"rtecenter\"><strong>\u00a0\u00a0 81 825 78 08<\/strong><\/td>\n<\/tr>\n<tr>\n<td>\n<h3>Piel\u0119gniarki medycyny pracy<\/h3>\n<\/td>\n<td class=\"rtecenter\"><strong>\u00a0\u00a0 81 825 78 81<\/strong><\/td>\n<\/tr>\n<tr>\n<td>\n<h3>Rehabilitacja<\/h3>\n<\/td>\n<td class=\"rtecenter\"><strong>\u00a0\u00a0\u00a0 <\/strong><strong>81 825 79 <\/strong><strong>15 <\/strong>lub <strong>81 825 74 18\u00a0<\/strong> (kierownik)<\/td>\n<\/tr>\n<tr>\n<td>\n<h3>Laboratorium<\/h3>\n<\/td>\n<td class=\"rtecenter\"><strong>81 825 78 05 <\/strong>lub <strong>81 825 79 45\u00a0<\/strong> (kierownik)<\/td>\n<\/tr>\n<tr>\n<td>\n<h3>Pracownia RTG<\/h3>\n<\/td>\n<td class=\"rtecenter\"><strong>81 825 78 11<\/strong><\/td>\n<\/tr>\n<tr>\n<td>\n<h3>Piel\u0119gniarka \u015brodowiskowo &#8211; rodzinna<\/h3>\n<\/td>\n<td class=\"rtecenter\">\u00a0<strong>81 825 78 17<\/strong><\/td>\n<\/tr>\n<tr>\n<td>\n<h3>Po\u0142o\u017cna \u015brodowiskowa<\/h3>\n<\/td>\n<td class=\"rtecenter\">\u00a0<strong>81 825 78 07<\/strong><\/td>\n<\/tr>\n<\/tbody>\n<\/table>\n<\/div>\n<\/div>\n<\/div>\n<\/div>\n<\/div>\n<\/div>\n<\/div>\n","protected":false},"excerpt":{"rendered":"<p>Kontakt Przychodnia Fabryki \u0141o\u017cysk Tocznych Kra\u015bnik S.A. 23-204 Kra\u015bnik, ul. Fabryczna 6 &nbsp; REJESTRACJA \u00a0\u00a0 81 825 74 00\u00a0 lub\u00a0 81 825 75 10 Kierownik \u00a0\u00a0 81 825 78 01 Gabinet zabiegowy \u00a0\u00a0 81 825 78 08 Piel\u0119gniarki medycyny pracy \u00a0\u00a0 81 825 78 81 Rehabilitacja \u00a0\u00a0\u00a0 81 825 79 15 lub 81 825 74 [&hellip;]<\/p>\n","protected":false},"author":5,"featured_media":0,"parent":0,"menu_order":0,"comment_status":"closed","ping_status":"closed","template":"","meta":{"footnotes":""},"class_list":["post-212","page","type-page","status-publish","hentry"],"_links":{"self":[{"href":"https:\/\/przychodnia-flt.pl\/index.php?rest_route=\/wp\/v2\/pages\/212","targetHints":{"allow":["GET"]}}],"collection":[{"href":"https:\/\/przychodnia-flt.pl\/index.php?rest_route=\/wp\/v2\/pages"}],"about":[{"href":"https:\/\/przychodnia-flt.pl\/index.php?rest_route=\/wp\/v2\/types\/page"}],"author":[{"embeddable":true,"href":"https:\/\/przychodnia-flt.pl\/index.php?rest_route=\/wp\/v2\/users\/5"}],"replies":[{"embeddable":true,"href":"https:\/\/przychodnia-flt.pl\/index.php?rest_route=%2Fwp%2Fv2%2Fcomments&post=212"}],"version-history":[{"count":2,"href":"https:\/\/przychodnia-flt.pl\/index.php?rest_route=\/wp\/v2\/pages\/212\/revisions"}],"predecessor-version":[{"id":302,"href":"https:\/\/przychodnia-flt.pl\/index.php?rest_route=\/wp\/v2\/pages\/212\/revisions\/302"}],"wp:attachment":[{"href":"https:\/\/przychodnia-flt.pl\/index.php?rest_route=%2Fwp%2Fv2%2Fmedia&parent=212"}],"curies":[{"name":"wp","href":"https:\/\/api.w.org\/{rel}","templated":true}]}}