{"id":222,"date":"2018-09-11T11:43:52","date_gmt":"2018-09-11T09:43:52","guid":{"rendered":"https:\/\/przychodnia.flt.krasnik.pl\/?page_id=222"},"modified":"2025-04-10T11:19:01","modified_gmt":"2025-04-10T09:19:01","slug":"gabinet-sluchmed","status":"publish","type":"page","link":"https:\/\/przychodnia-flt.pl\/?page_id=222","title":{"rendered":"Gabinet Audika"},"content":{"rendered":"<h1 class=\"page-title\">Gabinet &#8222;Audika&#8221;<\/h1>\n<div class=\"region region-content\">\n<div id=\"block-system-main\" class=\"block block-system\">\n<div class=\"content\">\n<div class=\"content\">\n<div class=\"field field-name-body field-type-text-with-summary field-label-hidden\">\n<div class=\"field-items\">\n<div class=\"field-item even\">\n<p class=\"rtecenter\"><u><em><strong>ZAPRASZAMY WSZYSTKICH CH\u0118TNYCH NA BEZP\u0141ATNE BADANIE S\u0141UCHU<\/strong><\/em><\/u><\/p>\n<p>&nbsp;<\/p>\n<p><strong><u><em>GODZINY PRZYJ\u0118\u0106:<\/em><\/u><\/strong><\/p>\n<p>Poniedzia\u0142ek\u00a0\u00a0\u00a0\u00a0 08:00 &#8211; 16:00<\/p>\n<p>Czwartek\u00a0\u00a0\u00a0\u00a0\u00a0\u00a0\u00a0\u00a0\u00a0\u00a0 08:00 &#8211; 16:00<\/p>\n<p>&nbsp;<\/p>\n<p class=\"rtecenter\"><u><em><strong>TELEFON KONTAKTOWY: 601-704-626<\/strong><\/em><\/u><\/p>\n<p>&nbsp;<\/p>\n<\/div>\n<\/div>\n<\/div>\n<\/div>\n<\/div>\n<\/div>\n<\/div>\n","protected":false},"excerpt":{"rendered":"<p>Gabinet &#8222;Audika&#8221; ZAPRASZAMY WSZYSTKICH CH\u0118TNYCH NA BEZP\u0141ATNE BADANIE S\u0141UCHU &nbsp; GODZINY PRZYJ\u0118\u0106: Poniedzia\u0142ek\u00a0\u00a0\u00a0\u00a0 08:00 &#8211; 16:00 Czwartek\u00a0\u00a0\u00a0\u00a0\u00a0\u00a0\u00a0\u00a0\u00a0\u00a0 08:00 &#8211; 16:00 &nbsp; TELEFON KONTAKTOWY: 601-704-626 &nbsp;<\/p>\n","protected":false},"author":5,"featured_media":0,"parent":0,"menu_order":0,"comment_status":"closed","ping_status":"closed","template":"","meta":{"footnotes":""},"class_list":["post-222","page","type-page","status-publish","hentry"],"_links":{"self":[{"href":"https:\/\/przychodnia-flt.pl\/index.php?rest_route=\/wp\/v2\/pages\/222","targetHints":{"allow":["GET"]}}],"collection":[{"href":"https:\/\/przychodnia-flt.pl\/index.php?rest_route=\/wp\/v2\/pages"}],"about":[{"href":"https:\/\/przychodnia-flt.pl\/index.php?rest_route=\/wp\/v2\/types\/page"}],"author":[{"embeddable":true,"href":"https:\/\/przychodnia-flt.pl\/index.php?rest_route=\/wp\/v2\/users\/5"}],"replies":[{"embeddable":true,"href":"https:\/\/przychodnia-flt.pl\/index.php?rest_route=%2Fwp%2Fv2%2Fcomments&post=222"}],"version-history":[{"count":6,"href":"https:\/\/przychodnia-flt.pl\/index.php?rest_route=\/wp\/v2\/pages\/222\/revisions"}],"predecessor-version":[{"id":480,"href":"https:\/\/przychodnia-flt.pl\/index.php?rest_route=\/wp\/v2\/pages\/222\/revisions\/480"}],"wp:attachment":[{"href":"https:\/\/przychodnia-flt.pl\/index.php?rest_route=%2Fwp%2Fv2%2Fmedia&parent=222"}],"curies":[{"name":"wp","href":"https:\/\/api.w.org\/{rel}","templated":true}]}}