{"id":36,"date":"2018-07-13T14:51:30","date_gmt":"2018-07-13T12:51:30","guid":{"rendered":"https:\/\/przychodnia.flt.krasnik.pl\/?page_id=36"},"modified":"2024-11-06T08:57:28","modified_gmt":"2024-11-06T06:57:28","slug":"zapraszamy-do-przychodni","status":"publish","type":"page","link":"https:\/\/przychodnia-flt.pl\/","title":{"rendered":"Zapraszamy do Przychodni"},"content":{"rendered":"<h3 class=\"page-title\">Witamy na stronie internetowej Przychodni F\u0141T &#8211; Kra\u015bnik S.A.<\/h3>\n<div class=\"region region-content\">\n<div id=\"block-system-main\" class=\"block block-system\">\n<div class=\"content\">\n<div class=\"content\">\n<div class=\"field field-name-body field-type-text-with-summary field-label-hidden\">\n<div class=\"field-items\">\n<div class=\"field-item even\">\n<div dir=\"ltr\">\n<div><strong>Rejestracja telefoniczna<\/strong> prowadzona jest w godzinach <strong>7:30 &#8211; 15:00<\/strong><\/div>\n<\/div>\n<h4 class=\"rtecenter\">pod numerem telefonu <strong>81 825 74 00<\/strong>\u00a0lub <strong>81 825 75 10<\/strong><\/h4>\n<\/div>\n<\/div>\n<\/div>\n<\/div>\n<\/div>\n<\/div>\n<\/div>\n<p><em>Zach\u0119camy Pa\u0144stwa do korzystania z us\u0142ug Naszej Przychodni. Szeroka kadra wykwalifikowanych lekarzy oraz pozosta\u0142ego personelu medycznego u\u0142atwi Pa\u0144stwu dbanie o Swoje zdrowie. Dobrze wyposa\u017cone laboratorium pozwoli na wykonanie wi\u0119kszo\u015bci zleconych przez lekarzy bada\u0144, obszerna rehabilitacja zadowolenie i ulg\u0119 w codziennym funkcjonowaniu, nie czekaj\u0105c w d\u0142ugich kolejkach, a wykwalifikowani lekarze postawi\u0105 trafn\u0105 i szybk\u0105 diagnoz\u0119. Posiadamy w\u0142asny transport medyczny. Docieramy do domu pacjenta z wizytami lekarskimi, badaniami krwi oraz rehabilitacj\u0105.<\/em><\/p>\n<p><em>Aby skorzysta\u0107 z Naszych us\u0142ug wystarczy wype\u0142ni\u0107 deklaracj\u0119 wyboru lekarza POZ, piel\u0119gniarki POZ oraz w przypadku kobiet po\u0142o\u017cnej POZ. Deklaracj\u0119 mo\u017cna wype\u0142ni\u0107 na miejscu w rejestracji przychodni F\u0141T-Kra\u015bnik S.A. lub wydrukowa\u0107 z Naszej strony www. Deklaracje znajduj\u0105 si\u0119 poni\u017cej<\/em><\/p>\n<p>&nbsp;<\/p>\n<div dir=\"ltr\"><\/div>\n<div dir=\"ltr\"><a href=\"https:\/\/www.nfz.gov.pl\/aktualnosci\/aktualnosci-centrali\/przeziebienie-a-moze-covid-19-sprawdz-co-zrobic,8102.html\" target=\"_blank\" rel=\"noopener\"><strong><span style=\"color: #ff0000;\">UWAGA -Przezi\u0119bienie, a mo\u017ce COVID-19? Sprawd\u017a, co zrobi\u0107<\/span><\/strong><\/a><\/div>\n","protected":false},"excerpt":{"rendered":"<p>Witamy na stronie internetowej Przychodni F\u0141T &#8211; Kra\u015bnik S.A. Rejestracja telefoniczna prowadzona jest w godzinach 7:30 &#8211; 15:00 pod numerem telefonu 81 825 74 00\u00a0lub 81 825 75 10 Zach\u0119camy Pa\u0144stwa do korzystania z us\u0142ug Naszej Przychodni. Szeroka kadra wykwalifikowanych lekarzy oraz pozosta\u0142ego personelu medycznego u\u0142atwi Pa\u0144stwu dbanie o Swoje zdrowie. Dobrze wyposa\u017cone laboratorium pozwoli [&hellip;]<\/p>\n","protected":false},"author":5,"featured_media":0,"parent":0,"menu_order":0,"comment_status":"closed","ping_status":"closed","template":"","meta":{"footnotes":""},"class_list":["post-36","page","type-page","status-publish","hentry"],"_links":{"self":[{"href":"https:\/\/przychodnia-flt.pl\/index.php?rest_route=\/wp\/v2\/pages\/36","targetHints":{"allow":["GET"]}}],"collection":[{"href":"https:\/\/przychodnia-flt.pl\/index.php?rest_route=\/wp\/v2\/pages"}],"about":[{"href":"https:\/\/przychodnia-flt.pl\/index.php?rest_route=\/wp\/v2\/types\/page"}],"author":[{"embeddable":true,"href":"https:\/\/przychodnia-flt.pl\/index.php?rest_route=\/wp\/v2\/users\/5"}],"replies":[{"embeddable":true,"href":"https:\/\/przychodnia-flt.pl\/index.php?rest_route=%2Fwp%2Fv2%2Fcomments&post=36"}],"version-history":[{"count":18,"href":"https:\/\/przychodnia-flt.pl\/index.php?rest_route=\/wp\/v2\/pages\/36\/revisions"}],"predecessor-version":[{"id":452,"href":"https:\/\/przychodnia-flt.pl\/index.php?rest_route=\/wp\/v2\/pages\/36\/revisions\/452"}],"wp:attachment":[{"href":"https:\/\/przychodnia-flt.pl\/index.php?rest_route=%2Fwp%2Fv2%2Fmedia&parent=36"}],"curies":[{"name":"wp","href":"https:\/\/api.w.org\/{rel}","templated":true}]}}