{"id":51,"date":"2018-07-13T16:34:55","date_gmt":"2018-07-13T14:34:55","guid":{"rendered":"https:\/\/przychodnia.flt.krasnik.pl\/?page_id=51"},"modified":"2018-09-11T11:56:54","modified_gmt":"2018-09-11T09:56:54","slug":"poz","status":"publish","type":"page","link":"https:\/\/przychodnia-flt.pl\/?page_id=51","title":{"rendered":"POZ old"},"content":{"rendered":"<h1 class=\"page-title\">Lekarze POZ &#8211; rodzinni<\/h1>\n<div class=\"region region-content\">\n<div id=\"block-system-main\" class=\"block block-system\">\n<div class=\"content\">\n<div class=\"content\">\n<div class=\"field field-name-body field-type-text-with-summary field-label-hidden\">\n<div class=\"field-items\">\n<div class=\"field-item even\">\n<h1>Podstawowa Opieka Zdrowotna<\/h1>\n<div class=\"view-header\">\n<p><strong>Umowa z Narodowym Funduszem Zdrowia<\/strong><\/p>\n<p><strong>\u015awiadczenia w POZ <\/strong>udzielane s\u0105 osobom, kt\u00f3re dokona\u0142y wyboru<strong> lekarza, piel\u0119gniarki, po\u0142o\u017cnej POZ.<\/strong> Realizowane s\u0105 najcz\u0119\u015bciej w warunkach ambulatoryjnych, ale w przypadkach uzasadnionych medycznie, tak\u017ce w domu Pacjenta &#8211;<strong> posiadamy transport sanitarny<\/strong><\/p>\n\n<table id=\"tablepress-1\" class=\"tablepress tablepress-id-1\">\n<thead>\n<tr class=\"row-1\">\n\t<th class=\"column-1\">Przyjmuje<\/th><th class=\"column-2\">Specjalizacja<\/th><th class=\"column-3\">Poniedzia\u0142ek<\/th><th class=\"column-4\">Wtorek<\/th><th class=\"column-5\">\u015aroda<\/th><th class=\"column-6\">Czwartek<\/th><th class=\"column-7\">Pi\u0105tek<\/th><th class=\"column-8\">Sobota<\/th>\n<\/tr>\n<\/thead>\n<tbody class=\"row-striping row-hover\">\n<tr class=\"row-2\">\n\t<td class=\"column-1\">Humelicz - \u0141apa Zdzis\u0142awa<\/td><td class=\"column-2\">Medycyna rodzinna, medycyna pracy<\/td><td class=\"column-3\">7:00-14:35 \t<\/td><td class=\"column-4\">7:00-14:35 \t<\/td><td class=\"column-5\">7:00-14:35 \t<\/td><td class=\"column-6\">7:00-14:35 \t<\/td><td class=\"column-7\">7:00-14:35<\/td><td class=\"column-8\"><\/td>\n<\/tr>\n<tr class=\"row-3\">\n\t<td class=\"column-1\">\u017belazny Ryszard<\/td><td class=\"column-2\">Medycyna rodzinna, medycyna pracy<\/td><td class=\"column-3\">8:00-14:35<\/td><td class=\"column-4\">8:00-14:35<\/td><td class=\"column-5\">8:00-14:35<\/td><td class=\"column-6\">11:00-18:00<\/td><td class=\"column-7\">8:00-14:35<\/td><td class=\"column-8\"><\/td>\n<\/tr>\n<tr class=\"row-4\">\n\t<td class=\"column-1\">Wolak Agnieszka<\/td><td class=\"column-2\">Medycyna rodzinna<\/td><td class=\"column-3\">14:30-18:00<\/td><td class=\"column-4\"><\/td><td class=\"column-5\"><\/td><td class=\"column-6\"><\/td><td class=\"column-7\">14:30-18:00<\/td><td class=\"column-8\"><\/td>\n<\/tr>\n<tr class=\"row-5\">\n\t<td class=\"column-1\">Cha\u0142abis - Kurkowicz Anna<\/td><td class=\"column-2\">Medycyna rodzinna<\/td><td class=\"column-3\">8:00-15:00 \t<\/td><td class=\"column-4\">8:00-15:00 \t<\/td><td class=\"column-5\">11:00-18:00<\/td><td class=\"column-6\">8:00-15:00 \t<\/td><td class=\"column-7\">8:00-15:00 \t<\/td><td class=\"column-8\"><\/td>\n<\/tr>\n<tr class=\"row-6\">\n\t<td class=\"column-1\">W\u0142odarczyk Miros\u0142aw<\/td><td class=\"column-2\">Medycyna rodzinna<\/td><td class=\"column-3\">15:30 - 18:00<\/td><td class=\"column-4\"><\/td><td class=\"column-5\"><\/td><td class=\"column-6\">15:30 - 18:00<\/td><td class=\"column-7\"><\/td><td class=\"column-8\"><\/td>\n<\/tr>\n<tr class=\"row-7\">\n\t<td class=\"column-1\">Gajdecka Alicja<\/td><td class=\"column-2\">Pediatria, medycyna rodzinna<\/td><td class=\"column-3\">9:00 - 12:00<\/td><td class=\"column-4\"><\/td><td class=\"column-5\">9:00 - 12:00<\/td><td class=\"column-6\"><\/td><td class=\"column-7\">9:00 - 12:00<\/td><td class=\"column-8\"><\/td>\n<\/tr>\n<tr class=\"row-8\">\n\t<td class=\"column-1\">Psarska Ewa<\/td><td class=\"column-2\">Pediatria<\/td><td class=\"column-3\"><\/td><td class=\"column-4\"><\/td><td class=\"column-5\">18:00 - 20:00<\/td><td class=\"column-6\"><\/td><td class=\"column-7\"><\/td><td class=\"column-8\"><\/td>\n<\/tr>\n<tr class=\"row-9\">\n\t<td class=\"column-1\">Grab Pawe\u0142<\/td><td class=\"column-2\">Medycyna rodzinna<\/td><td class=\"column-3\"><\/td><td class=\"column-4\">8:00-14:00<\/td><td class=\"column-5\"><\/td><td class=\"column-6\">8:00-14:00<\/td><td class=\"column-7\"><\/td><td class=\"column-8\"><\/td>\n<\/tr>\n<tr class=\"row-10\">\n\t<td class=\"column-1\">Borkowska Agnieszka<\/td><td class=\"column-2\">Medycyna rodzinna, pediatra<\/td><td class=\"column-3\">9:30 - 13:30<\/td><td class=\"column-4\">9:30 - 13:30<\/td><td class=\"column-5\">9:30 - 13:30<\/td><td class=\"column-6\"><\/td><td class=\"column-7\">9:30 - 13:30<\/td><td class=\"column-8\"><\/td>\n<\/tr>\n<\/tbody>\n<\/table>\n<!-- #tablepress-1 from cache -->\n<\/div>\n<p>&nbsp;<\/p>\n<\/div>\n<\/div>\n<\/div>\n<\/div>\n<\/div>\n<\/div>\n<\/div>\n","protected":false},"excerpt":{"rendered":"<p>Lekarze POZ &#8211; rodzinni Podstawowa Opieka Zdrowotna Umowa z Narodowym Funduszem Zdrowia \u015awiadczenia w POZ udzielane s\u0105 osobom, kt\u00f3re dokona\u0142y wyboru lekarza, piel\u0119gniarki, po\u0142o\u017cnej POZ. Realizowane s\u0105 najcz\u0119\u015bciej w warunkach ambulatoryjnych, ale w przypadkach uzasadnionych medycznie, tak\u017ce w domu Pacjenta &#8211; posiadamy transport sanitarny &nbsp;<\/p>\n","protected":false},"author":5,"featured_media":0,"parent":0,"menu_order":0,"comment_status":"closed","ping_status":"closed","template":"","meta":{"footnotes":""},"class_list":["post-51","page","type-page","status-publish","hentry"],"_links":{"self":[{"href":"https:\/\/przychodnia-flt.pl\/index.php?rest_route=\/wp\/v2\/pages\/51","targetHints":{"allow":["GET"]}}],"collection":[{"href":"https:\/\/przychodnia-flt.pl\/index.php?rest_route=\/wp\/v2\/pages"}],"about":[{"href":"https:\/\/przychodnia-flt.pl\/index.php?rest_route=\/wp\/v2\/types\/page"}],"author":[{"embeddable":true,"href":"https:\/\/przychodnia-flt.pl\/index.php?rest_route=\/wp\/v2\/users\/5"}],"replies":[{"embeddable":true,"href":"https:\/\/przychodnia-flt.pl\/index.php?rest_route=%2Fwp%2Fv2%2Fcomments&post=51"}],"version-history":[{"count":8,"href":"https:\/\/przychodnia-flt.pl\/index.php?rest_route=\/wp\/v2\/pages\/51\/revisions"}],"predecessor-version":[{"id":230,"href":"https:\/\/przychodnia-flt.pl\/index.php?rest_route=\/wp\/v2\/pages\/51\/revisions\/230"}],"wp:attachment":[{"href":"https:\/\/przychodnia-flt.pl\/index.php?rest_route=%2Fwp%2Fv2%2Fmedia&parent=51"}],"curies":[{"name":"wp","href":"https:\/\/api.w.org\/{rel}","templated":true}]}}