{"id":71,"date":"2018-09-09T23:07:28","date_gmt":"2018-09-09T21:07:28","guid":{"rendered":"https:\/\/przychodnia.flt.krasnik.pl\/?page_id=71"},"modified":"2025-03-13T22:07:54","modified_gmt":"2025-03-13T20:07:54","slug":"aos","status":"publish","type":"page","link":"https:\/\/przychodnia-flt.pl\/?page_id=71","title":{"rendered":"AOS"},"content":{"rendered":"<h1 class=\"page-title\">Ambulatoryjna Opieka Specjalistyczna<\/h1>\n<div class=\"region region-content\">\n<div id=\"block-system-main\" class=\"block block-system\">\n<div class=\"content\">\n<div class=\"view view-specjalistyka view-id-specjalistyka view-display-id-page view-dom-id-cda6af3c5fe6ccdf3cda15f023296f4f\">\n<div class=\"view-header\">\n<p>Umowa z Narodowym Funduszem Zdrowia<\/p>\n<p><strong>Ka\u017cda wizyta w gabinecie lekarskim lub teleporada musi by\u0107 uzgodniona w rejestracji przychodni pod numerem telefonu: 81 825 74 00<\/strong><\/p>\n<\/div>\n<div class=\"view-content\">\n<div class=\"view-grouping\">\n<div class=\"view-grouping-header\">Poradnia ginekologiczno-po\u0142o\u017cnicza<\/div>\n<div class=\"view-grouping-content\">\n<div class=\"view-grouping\">\n<div class=\"view-grouping-header\">Przyjmuje: Anna Ch\u0119ci\u0144ska-Marecka<\/div>\n<div class=\"view-grouping-content\">\n<table class=\"views-table cols-5\">\n<caption>Specjalista Ginekolog<\/caption>\n<thead>\n<tr>\n<th class=\"views-field views-field-field-poniedzia-ek\">Poniedzia\u0142ek<\/th>\n<th class=\"views-field views-field-field-wtorek\">Wtorek<\/th>\n<th class=\"views-field views-field-field--roda\">\u015aroda<\/th>\n<th class=\"views-field views-field-field-czwartek\">Czwartek<\/th>\n<th class=\"views-field views-field-field-pi-tek\">Pi\u0105tek<\/th>\n<\/tr>\n<\/thead>\n<tbody>\n<tr class=\"odd views-row-first views-row-last\">\n<td class=\"views-field views-field-field-poniedzia-ek\">8:00-13:00<\/td>\n<td class=\"views-field views-field-field-wtorek\">8:00-13:00<\/td>\n<td class=\"views-field views-field-field--roda\">8:00-13:00<\/td>\n<td class=\"views-field views-field-field-czwartek\"><\/td>\n<td class=\"views-field views-field-field-pi-tek\"><\/td>\n<\/tr>\n<\/tbody>\n<\/table>\n<\/div>\n<\/div>\n<\/div>\n<\/div>\n<div class=\"view-grouping\">\n<div>\n<div class=\"view-grouping\">\n<div class=\"view-grouping-content\">\n<div class=\"view-grouping\">\n<div class=\"view-grouping-header\">Przyjmuje: Wojciech Soko\u0142owski<\/div>\n<div class=\"view-grouping-content\">\n<table class=\"views-table cols-5\">\n<caption>Specjalista Ginekolog<\/caption>\n<thead>\n<tr>\n<th class=\"views-field views-field-field-poniedzia-ek\">Poniedzia\u0142ek<\/th>\n<th class=\"views-field views-field-field-wtorek\">Wtorek<\/th>\n<th class=\"views-field views-field-field--roda\">\u015aroda<\/th>\n<th class=\"views-field views-field-field-czwartek\">Czwartek<\/th>\n<th class=\"views-field views-field-field-pi-tek\">Pi\u0105tek<\/th>\n<\/tr>\n<\/thead>\n<tbody>\n<tr class=\"odd views-row-first views-row-last\">\n<td class=\"views-field views-field-field-poniedzia-ek\">14:00-18:00<\/td>\n<td class=\"views-field views-field-field-wtorek\"><\/td>\n<td class=\"views-field views-field-field--roda\"><\/td>\n<td class=\"views-field views-field-field-czwartek\"><\/td>\n<td class=\"views-field views-field-field-pi-tek\">8:45-13:00<\/td>\n<\/tr>\n<\/tbody>\n<\/table>\n<\/div>\n<\/div>\n<\/div>\n<\/div>\n<div class=\"view-grouping\">\n<div><\/div>\n<\/div>\n<\/div>\n<div class=\"view-grouping-header\">Poradnia ortopedyczna<\/div>\n<div class=\"view-grouping-content\">\n<div class=\"view-grouping\">\n<div class=\"view-grouping-header\">Przyjmuje: lek. med. Pawe\u0142 Jasiejko<\/div>\n<\/div>\n<div class=\"view-grouping\">\n<div class=\"view-grouping-content\">\n<table class=\"views-table cols-5\">\n<caption>Specjalista ortopeda<\/caption>\n<thead>\n<tr>\n<th class=\"views-field views-field-field-poniedzia-ek\">Poniedzia\u0142ek<\/th>\n<th class=\"views-field views-field-field-wtorek\">Wtorek<\/th>\n<th class=\"views-field views-field-field--roda\">\u015aroda<\/th>\n<th class=\"views-field views-field-field-czwartek\">Czwartek<\/th>\n<th class=\"views-field views-field-field-pi-tek\">Pi\u0105tek<\/th>\n<\/tr>\n<\/thead>\n<tbody>\n<tr class=\"odd\">\n<td class=\"views-field views-field-field-poniedzia-ek\"><\/td>\n<td class=\"views-field views-field-field-wtorek\">15:30-19:00<\/td>\n<td class=\"views-field views-field-field--roda\"><\/td>\n<td class=\"views-field views-field-field-czwartek\"><\/td>\n<td class=\"views-field views-field-field-pi-tek\"><\/td>\n<\/tr>\n<\/tbody>\n<\/table>\n<\/div>\n<\/div>\n<\/div>\n<\/div>\n<div class=\"view-grouping\">\n<div class=\"view-grouping\">\n<div class=\"view-grouping-header\">Przyjmuje: lek. med. \u0141ukasz Zako\u015bcielny<\/div>\n<\/div>\n<div class=\"view-grouping\">\n<div class=\"view-grouping-content\">\n<table class=\"views-table cols-5\">\n<caption>Specjalista ortopeda<\/caption>\n<thead>\n<tr>\n<th class=\"views-field views-field-field-poniedzia-ek\">Poniedzia\u0142ek<\/th>\n<th class=\"views-field views-field-field-wtorek\">Wtorek<\/th>\n<th class=\"views-field views-field-field--roda\">\u015aroda<\/th>\n<th class=\"views-field views-field-field-czwartek\">Czwartek<\/th>\n<th class=\"views-field views-field-field-pi-tek\">Pi\u0105tek<\/th>\n<\/tr>\n<\/thead>\n<tbody>\n<tr class=\"odd\">\n<td class=\"views-field views-field-field-poniedzia-ek\"><\/td>\n<td class=\"views-field views-field-field-wtorek\"><\/td>\n<td class=\"views-field views-field-field--roda\"><\/td>\n<td class=\"views-field views-field-field-czwartek\">\u00a09:00-12:30<\/td>\n<td class=\"views-field views-field-field-pi-tek\"><\/td>\n<\/tr>\n<\/tbody>\n<\/table>\n<\/div>\n<\/div>\n<\/div>\n<\/div>\n<div>\n<div>\n<div class=\"view-grouping\">\n<div class=\"view-grouping-header\">Przyjmuje: lek. med. Grzegorz Zy\u015bko<\/div>\n<\/div>\n<div class=\"view-grouping\">\n<div class=\"view-grouping-content\">\n<table class=\"views-table cols-5\">\n<caption>Specjalista ortopeda<\/caption>\n<thead>\n<tr>\n<th class=\"views-field views-field-field-poniedzia-ek\">Poniedzia\u0142ek<\/th>\n<th class=\"views-field views-field-field-wtorek\">Wtorek<\/th>\n<th class=\"views-field views-field-field--roda\">\u015aroda<\/th>\n<th class=\"views-field views-field-field-czwartek\">Czwartek<\/th>\n<th class=\"views-field views-field-field-pi-tek\">Pi\u0105tek<\/th>\n<\/tr>\n<\/thead>\n<tbody>\n<tr class=\"odd\">\n<td class=\"views-field views-field-field-poniedzia-ek\"><\/td>\n<td class=\"views-field views-field-field-wtorek\">13:30-17:00<\/td>\n<td class=\"views-field views-field-field--roda\"><\/td>\n<td class=\"views-field views-field-field-czwartek\"><\/td>\n<td class=\"views-field views-field-field-pi-tek\"><\/td>\n<\/tr>\n<\/tbody>\n<\/table>\n<\/div>\n<\/div>\n<\/div>\n<div><\/div>\n<\/div>\n<div class=\"view-content\">\n<div class=\"view-grouping\">\n<div class=\"view-grouping-header\">Poradnia Laryngologiczna<\/div>\n<div>\n<div class=\"view-grouping-header\">Przyjmuje: lek.med. Paj\u0105k Ma\u0142gorzata<\/div>\n<div class=\"view-grouping-content\">\n<table class=\"views-table cols-5\">\n<caption>Specjalista otolaryngolog<\/caption>\n<thead>\n<tr>\n<th class=\"views-field views-field-field-poniedzia-ek\">Poniedzia\u0142ek<\/th>\n<th class=\"views-field views-field-field-wtorek\">Wtorek<\/th>\n<th class=\"views-field views-field-field--roda\">\u015aroda<\/th>\n<th class=\"views-field views-field-field-czwartek\">Czwartek<\/th>\n<th class=\"views-field views-field-field-pi-tek\">Pi\u0105tek<\/th>\n<\/tr>\n<\/thead>\n<tbody>\n<tr class=\"odd\">\n<td class=\"views-field views-field-field-poniedzia-ek\">14:00-178030<\/td>\n<td class=\"views-field views-field-field-wtorek\"><\/td>\n<td class=\"views-field views-field-field--roda\"><\/td>\n<td class=\"views-field views-field-field-czwartek\"><\/td>\n<td class=\"views-field views-field-field-pi-tek\"><\/td>\n<\/tr>\n<\/tbody>\n<\/table>\n<\/div>\n<\/div>\n<div class=\"view-grouping-content\">\n<div class=\"view-grouping\">\n<div class=\"view-grouping-header\">Przyjmuje: lek.med. Stru\u017cyk Pawe\u0142<\/div>\n<div class=\"view-grouping-content\">\n<table class=\"views-table cols-5\">\n<caption>Specjalista Laryngolog<\/caption>\n<thead>\n<tr>\n<th class=\"views-field views-field-field-poniedzia-ek\">Poniedzia\u0142ek<\/th>\n<th class=\"views-field views-field-field-wtorek\">Wtorek<\/th>\n<th class=\"views-field views-field-field--roda\">\u015aroda<\/th>\n<th class=\"views-field views-field-field-czwartek\">Czwartek<\/th>\n<th class=\"views-field views-field-field-pi-tek\">Pi\u0105tek<\/th>\n<\/tr>\n<\/thead>\n<tbody>\n<tr class=\"odd\">\n<td class=\"views-field views-field-field-poniedzia-ek\"><\/td>\n<td class=\"views-field views-field-field-wtorek\"><\/td>\n<td class=\"views-field views-field-field--roda\"><\/td>\n<td class=\"views-field views-field-field-czwartek\"><\/td>\n<td class=\"views-field views-field-field-pi-tek\">15:00-19:00<\/td>\n<\/tr>\n<\/tbody>\n<\/table>\n<\/div>\n<\/div>\n<\/div>\n<\/div>\n<\/div>\n<\/div>\n<div>\n<div>\n<div class=\"view-grouping-header\">Przyjmuje: lek.med. Blachli\u0144ska Monika<\/div>\n<div class=\"view-grouping-content\">\n<table class=\"views-table cols-5\">\n<caption>Specjalista Laryngolog<\/caption>\n<thead>\n<tr>\n<th class=\"views-field views-field-field-poniedzia-ek\">Poniedzia\u0142ek<\/th>\n<th class=\"views-field views-field-field-wtorek\">Wtorek<\/th>\n<th class=\"views-field views-field-field--roda\">\u015aroda<\/th>\n<th class=\"views-field views-field-field-czwartek\">Czwartek<\/th>\n<th class=\"views-field views-field-field-pi-tek\">Pi\u0105tek<\/th>\n<\/tr>\n<\/thead>\n<tbody>\n<tr class=\"odd\">\n<td class=\"views-field views-field-field-poniedzia-ek\"><\/td>\n<td class=\"views-field views-field-field-wtorek\"><\/td>\n<td class=\"views-field views-field-field--roda\">15:00-18:30<\/td>\n<td class=\"views-field views-field-field-czwartek\"><\/td>\n<td class=\"views-field views-field-field-pi-tek\"><\/td>\n<\/tr>\n<\/tbody>\n<\/table>\n<\/div>\n<\/div>\n<div class=\"view-grouping-header\">\n<div class=\"view-grouping-content\">Poradnia okulistyczna<\/div>\n<\/div>\n<\/div>\n<div class=\"view view-specjalistyka view-id-specjalistyka view-display-id-page view-dom-id-cda6af3c5fe6ccdf3cda15f023296f4f\">\n<div class=\"view-content\">\n<div class=\"view-grouping\">\n<div class=\"view-grouping-content\">\n<div class=\"view-grouping\">\n<div class=\"view-grouping-header\">Przyjmuje: lek. med. Maria Lewandowska-Furmanik<\/div>\n<div class=\"view-grouping-content\">\n<table class=\"views-table cols-5\">\n<caption>Specjalista okulistyki<\/caption>\n<thead>\n<tr>\n<th class=\"views-field views-field-field-poniedzia-ek\">Poniedzia\u0142ek<\/th>\n<th class=\"views-field views-field-field-wtorek\">Wtorek<\/th>\n<th class=\"views-field views-field-field--roda\">\u015aroda<\/th>\n<th class=\"views-field views-field-field-czwartek\">Czwartek<\/th>\n<th class=\"views-field views-field-field-pi-tek\">Pi\u0105tek<\/th>\n<\/tr>\n<\/thead>\n<tbody>\n<tr class=\"odd\">\n<td class=\"views-field views-field-field-poniedzia-ek\">10:00-14:00<\/td>\n<td class=\"views-field views-field-field-wtorek\"><\/td>\n<td class=\"views-field views-field-field--roda\"><\/td>\n<td class=\"views-field views-field-field-czwartek\"><\/td>\n<td class=\"views-field views-field-field-pi-tek\"><\/td>\n<\/tr>\n<\/tbody>\n<\/table>\n<\/div>\n<\/div>\n<\/div>\n<\/div>\n<div class=\"view-grouping\">\n<div><\/div>\n<div class=\"view-grouping-header\">Poradnia dermatologiczna<\/div>\n<div class=\"view-grouping-content\">\n<div class=\"view-grouping\">\n<div class=\"view-grouping-header\">Przyjmuje: lek. med. Marczy\u0144ska-Ku\u015b Wanda<\/div>\n<div class=\"view-grouping-content\">\n<table class=\"views-table cols-5\">\n<caption>Specjalista dermatolog<\/caption>\n<thead>\n<tr>\n<th class=\"views-field views-field-field-poniedzia-ek\">Poniedzia\u0142ek<\/th>\n<th class=\"views-field views-field-field-wtorek\">Wtorek<\/th>\n<th class=\"views-field views-field-field--roda\">\u015aroda<\/th>\n<th class=\"views-field views-field-field-czwartek\">Czwartek<\/th>\n<th class=\"views-field views-field-field-pi-tek\">Pi\u0105tek<\/th>\n<\/tr>\n<\/thead>\n<tbody>\n<tr class=\"odd\">\n<td class=\"views-field views-field-field-poniedzia-ek\">7:00-11:00<\/td>\n<td class=\"views-field views-field-field-wtorek\">12:00-17:00<\/td>\n<td class=\"views-field views-field-field--roda\">7:00-11:00<\/td>\n<td class=\"views-field views-field-field-czwartek\">7:00-11:00<\/td>\n<td class=\"views-field views-field-field-pi-tek\"><\/td>\n<\/tr>\n<\/tbody>\n<\/table>\n<\/div>\n<\/div>\n<\/div>\n<\/div>\n<div class=\"view-grouping\">\n<div class=\"view-grouping-content\">\n<div class=\"view-grouping\">\n<div class=\"view-grouping-content\">\n<div>\n<div class=\"view-grouping\">\n<div class=\"view-grouping-content\">\n<div class=\"view-grouping\">\n<div class=\"view-grouping-content\">\n<div class=\"view-grouping-header\">\n<div class=\"view-grouping-content\">\n<div class=\"view-grouping\">\n<div class=\"view-grouping-content\">\n<p>Poradnia chirurgiczna<\/p>\n<\/div>\n<\/div>\n<\/div>\n<\/div>\n<\/div>\n<\/div>\n<\/div>\n<\/div>\n<div class=\"view-grouping\">\n<div class=\"view-grouping-content\">\n<div class=\"view-grouping\">\n<div class=\"view-grouping-header\">Przyjmuje: lek.med. Stefanek Janusz<\/div>\n<div class=\"view-grouping-content\">\n<table class=\"views-table cols-5\">\n<caption>Specjalista chirurg<\/caption>\n<thead>\n<tr>\n<th class=\"views-field views-field-field-poniedzia-ek\">Poniedzia\u0142ek<\/th>\n<th class=\"views-field views-field-field-wtorek\">Wtorek<\/th>\n<th class=\"views-field views-field-field--roda\">\u015aroda<\/th>\n<th class=\"views-field views-field-field-czwartek\">Czwartek<\/th>\n<th class=\"views-field views-field-field-pi-tek\">Pi\u0105tek<\/th>\n<\/tr>\n<\/thead>\n<tbody>\n<tr class=\"odd\">\n<td class=\"views-field views-field-field-poniedzia-ek\">\u00a08:00 &#8211; 13:00<\/td>\n<td class=\"views-field views-field-field-wtorek\"><\/td>\n<td class=\"views-field views-field-field--roda\"><\/td>\n<td class=\"views-field views-field-field-czwartek\"><\/td>\n<td class=\"views-field views-field-field-pi-tek\"><\/td>\n<\/tr>\n<\/tbody>\n<\/table>\n<\/div>\n<\/div>\n<\/div>\n<\/div>\n<\/div>\n<div class=\"view-grouping-header\">\n<div class=\"view-grouping-header\">Poradnia chirurgiczna<\/div>\n<div class=\"view-grouping-content\">\n<div class=\"view-grouping\">\n<div class=\"view-grouping-header\">Przyjmuje: dr Ma\u0142gorzata W\u00f3jcikowska<\/div>\n<div class=\"view-grouping-content\">\n<table class=\"views-table cols-5\">\n<caption>Specjalista chirurg<\/caption>\n<thead>\n<tr>\n<th class=\"views-field views-field-field-poniedzia-ek\">Poniedzia\u0142ek<\/th>\n<th class=\"views-field views-field-field-wtorek\">Wtorek<\/th>\n<th class=\"views-field views-field-field--roda\">\u015aroda<\/th>\n<th class=\"views-field views-field-field-czwartek\">Czwartek<\/th>\n<th class=\"views-field views-field-field-pi-tek\">Pi\u0105tek<\/th>\n<\/tr>\n<\/thead>\n<tbody>\n<tr class=\"odd\">\n<td class=\"views-field views-field-field-poniedzia-ek\"><\/td>\n<td class=\"views-field views-field-field-wtorek\"><\/td>\n<td class=\"views-field views-field-field--roda\">8:00 &#8211; 14:00<\/td>\n<td class=\"views-field views-field-field-czwartek\"><\/td>\n<td class=\"views-field views-field-field-pi-tek\"><\/td>\n<\/tr>\n<\/tbody>\n<\/table>\n<p>Poradnia chirurgiczna<\/p>\n<\/div>\n<\/div>\n<\/div>\n<\/div>\n<\/div>\n<\/div>\n<\/div>\n<\/div>\n<div class=\"view-grouping\">\n<div class=\"view-grouping-content\">\n<div class=\"view-grouping\">\n<div class=\"view-grouping-header\">Przyjmuje: lek.med. Witold Zaw\u00f3\u0142<\/div>\n<div class=\"view-grouping-content\">\n<table class=\"views-table cols-5\">\n<caption>Specjalista chirurg<\/caption>\n<thead>\n<tr>\n<th class=\"views-field views-field-field-poniedzia-ek\">Poniedzia\u0142ek<\/th>\n<th class=\"views-field views-field-field-wtorek\">Wtorek<\/th>\n<th class=\"views-field views-field-field--roda\">\u015aroda<\/th>\n<th class=\"views-field views-field-field-czwartek\">Czwartek<\/th>\n<th class=\"views-field views-field-field-pi-tek\">Pi\u0105tek<\/th>\n<\/tr>\n<\/thead>\n<tbody>\n<tr class=\"odd\">\n<td class=\"views-field views-field-field-poniedzia-ek\"><\/td>\n<td class=\"views-field views-field-field-wtorek\"><\/td>\n<td class=\"views-field views-field-field--roda\"><\/td>\n<td class=\"views-field views-field-field-czwartek\">15:00-18:00<\/td>\n<td class=\"views-field views-field-field-pi-tek\"><\/td>\n<\/tr>\n<\/tbody>\n<\/table>\n<div class=\"view-grouping\">\n<div class=\"view-grouping-content\">\n<div class=\"view-grouping\">\n<div class=\"view-grouping-content\">\n<div class=\"view-grouping-header\">\n<div class=\"view-grouping-content\">\n<div class=\"view-grouping\">\n<div class=\"view-grouping-content\">\n<p>Poradnia chirurgiczna<\/p>\n<\/div>\n<\/div>\n<\/div>\n<\/div>\n<\/div>\n<\/div>\n<\/div>\n<\/div>\n<div class=\"view-grouping\">\n<div class=\"view-grouping-content\">\n<div class=\"view-grouping\">\n<div class=\"view-grouping-header\">Przyjmuje: lek.med. Szabat Pawe\u0142<\/div>\n<div class=\"view-grouping-content\">\n<table class=\"views-table cols-5\">\n<caption>Specjalista chirurg<\/caption>\n<thead>\n<tr>\n<th class=\"views-field views-field-field-poniedzia-ek\">Poniedzia\u0142ek<\/th>\n<th class=\"views-field views-field-field-wtorek\">Wtorek<\/th>\n<th class=\"views-field views-field-field--roda\">\u015aroda<\/th>\n<th class=\"views-field views-field-field-czwartek\">Czwartek<\/th>\n<th class=\"views-field views-field-field-pi-tek\">Pi\u0105tek<\/th>\n<\/tr>\n<\/thead>\n<tbody>\n<tr class=\"odd\">\n<td class=\"views-field views-field-field-poniedzia-ek\"><\/td>\n<td class=\"views-field views-field-field-wtorek\"><\/td>\n<td class=\"views-field views-field-field--roda\"><\/td>\n<td class=\"views-field views-field-field-czwartek\"><\/td>\n<td class=\"views-field views-field-field-pi-tek\">16:00 &#8211; 18:00<\/td>\n<\/tr>\n<\/tbody>\n<\/table>\n<\/div>\n<\/div>\n<\/div>\n<\/div>\n<\/div>\n<\/div>\n<\/div>\n<\/div>\n<\/div>\n<\/div>\n<\/div>\n<\/div>\n<\/div>\n","protected":false},"excerpt":{"rendered":"<p>Ambulatoryjna Opieka Specjalistyczna Umowa z Narodowym Funduszem Zdrowia Ka\u017cda wizyta w gabinecie lekarskim lub teleporada musi by\u0107 uzgodniona w rejestracji przychodni pod numerem telefonu: 81 825 74 00 Poradnia ginekologiczno-po\u0142o\u017cnicza Przyjmuje: Anna Ch\u0119ci\u0144ska-Marecka Specjalista Ginekolog Poniedzia\u0142ek Wtorek \u015aroda Czwartek Pi\u0105tek 8:00-13:00 8:00-13:00 8:00-13:00 Przyjmuje: Wojciech Soko\u0142owski Specjalista Ginekolog Poniedzia\u0142ek Wtorek \u015aroda Czwartek Pi\u0105tek 14:00-18:00 8:45-13:00 [&hellip;]<\/p>\n","protected":false},"author":5,"featured_media":0,"parent":0,"menu_order":0,"comment_status":"closed","ping_status":"closed","template":"","meta":{"footnotes":""},"class_list":["post-71","page","type-page","status-publish","hentry"],"_links":{"self":[{"href":"https:\/\/przychodnia-flt.pl\/index.php?rest_route=\/wp\/v2\/pages\/71","targetHints":{"allow":["GET"]}}],"collection":[{"href":"https:\/\/przychodnia-flt.pl\/index.php?rest_route=\/wp\/v2\/pages"}],"about":[{"href":"https:\/\/przychodnia-flt.pl\/index.php?rest_route=\/wp\/v2\/types\/page"}],"author":[{"embeddable":true,"href":"https:\/\/przychodnia-flt.pl\/index.php?rest_route=\/wp\/v2\/users\/5"}],"replies":[{"embeddable":true,"href":"https:\/\/przychodnia-flt.pl\/index.php?rest_route=%2Fwp%2Fv2%2Fcomments&post=71"}],"version-history":[{"count":30,"href":"https:\/\/przychodnia-flt.pl\/index.php?rest_route=\/wp\/v2\/pages\/71\/revisions"}],"predecessor-version":[{"id":468,"href":"https:\/\/przychodnia-flt.pl\/index.php?rest_route=\/wp\/v2\/pages\/71\/revisions\/468"}],"wp:attachment":[{"href":"https:\/\/przychodnia-flt.pl\/index.php?rest_route=%2Fwp%2Fv2%2Fmedia&parent=71"}],"curies":[{"name":"wp","href":"https:\/\/api.w.org\/{rel}","templated":true}]}}