{"id":95,"date":"2018-09-10T08:43:44","date_gmt":"2018-09-10T06:43:44","guid":{"rendered":"https:\/\/przychodnia.flt.krasnik.pl\/?page_id=95"},"modified":"2025-03-13T21:10:52","modified_gmt":"2025-03-13T19:10:52","slug":"ortopedia","status":"publish","type":"page","link":"https:\/\/przychodnia-flt.pl\/?page_id=95","title":{"rendered":"Ortopedia"},"content":{"rendered":"<h1 class=\"page-title\">Ortopedia<\/h1>\n<div class=\"region region-content\">\n<div id=\"block-system-main\" class=\"block block-system\">\n<div class=\"content\">\n<div class=\"content\">\n<div class=\"field field-name-body field-type-text-with-summary field-label-hidden\">\n<div class=\"field-items\">\n<div class=\"field-item even\">\n<h1>Specjalistyczna Poradnia Ortopedyczna<\/h1>\n<p><strong>Umowa z Narodowym Funduszem Zdrowia<\/strong><\/p>\n<div><strong>\u00a0<\/strong><\/div>\n<div><\/div>\n<div><\/div>\n<table border=\"1\" cellspacing=\"1\" cellpadding=\"1\">\n<thead>\n<tr>\n<th scope=\"col\">Przyjmuje<\/th>\n<th scope=\"col\">Specjalizacja<\/th>\n<th scope=\"col\">Poniedzia\u0142ek<\/th>\n<th scope=\"col\">Wtorek<\/th>\n<th scope=\"col\">\u015aroda<\/th>\n<th scope=\"col\">Czwartek<\/th>\n<th scope=\"col\">Pi\u0105tek<\/th>\n<\/tr>\n<\/thead>\n<tbody>\n<tr>\n<td><strong>\u00a0 <\/strong><\/p>\n<p><strong>\u0141ukasz Zako\u015bcielny<\/strong><\/p>\n<p>&nbsp;<\/td>\n<td class=\"rtecenter\">Ortopeda<\/td>\n<td class=\"rtecenter\"><\/td>\n<td class=\"rtecenter\"><\/td>\n<td class=\"rtecenter\"><\/td>\n<td class=\"rtecenter\">\u00a09:00-12:30<\/td>\n<td class=\"rtecenter\"><\/td>\n<\/tr>\n<tr>\n<td><strong>Grzegorz Zy\u015bko<\/strong><\/td>\n<td class=\"rtecenter\">&nbsp;<\/p>\n<p>Ortopeda<\/p>\n<p>&nbsp;<\/td>\n<td class=\"rtecenter\"><\/td>\n<td class=\"rtecenter\">13:30-17:00<\/td>\n<td class=\"rtecenter\"><\/td>\n<td class=\"rtecenter\"><\/td>\n<td class=\"rtecenter\"><\/td>\n<\/tr>\n<tr>\n<td>\n<p class=\"rtecenter\"><strong>\u00a0Pawe\u0142 Jasiejko<br \/>\n<\/strong><\/p>\n<\/td>\n<td>&nbsp;<\/p>\n<p class=\"rtecenter\">Ortopeda<\/p>\n<p>&nbsp;<\/td>\n<td class=\"rtecenter\"><\/td>\n<td class=\"rtecenter\">15:30-19:00<\/td>\n<td class=\"rtecenter\"><\/td>\n<td class=\"rtecenter\"><\/td>\n<td class=\"rtecenter\"><\/td>\n<\/tr>\n<\/tbody>\n<\/table>\n<p>&nbsp;<\/p>\n<\/div>\n<\/div>\n<\/div>\n<\/div>\n<\/div>\n<\/div>\n<\/div>\n","protected":false},"excerpt":{"rendered":"<p>Ortopedia Specjalistyczna Poradnia Ortopedyczna Umowa z Narodowym Funduszem Zdrowia \u00a0 Przyjmuje Specjalizacja Poniedzia\u0142ek Wtorek \u015aroda Czwartek Pi\u0105tek \u00a0 \u0141ukasz Zako\u015bcielny &nbsp; Ortopeda \u00a09:00-12:30 Grzegorz Zy\u015bko &nbsp; Ortopeda &nbsp; 13:30-17:00 \u00a0Pawe\u0142 Jasiejko &nbsp; Ortopeda &nbsp; 15:30-19:00 &nbsp;<\/p>\n","protected":false},"author":5,"featured_media":0,"parent":0,"menu_order":0,"comment_status":"closed","ping_status":"closed","template":"","meta":{"footnotes":""},"class_list":["post-95","page","type-page","status-publish","hentry"],"_links":{"self":[{"href":"https:\/\/przychodnia-flt.pl\/index.php?rest_route=\/wp\/v2\/pages\/95","targetHints":{"allow":["GET"]}}],"collection":[{"href":"https:\/\/przychodnia-flt.pl\/index.php?rest_route=\/wp\/v2\/pages"}],"about":[{"href":"https:\/\/przychodnia-flt.pl\/index.php?rest_route=\/wp\/v2\/types\/page"}],"author":[{"embeddable":true,"href":"https:\/\/przychodnia-flt.pl\/index.php?rest_route=\/wp\/v2\/users\/5"}],"replies":[{"embeddable":true,"href":"https:\/\/przychodnia-flt.pl\/index.php?rest_route=%2Fwp%2Fv2%2Fcomments&post=95"}],"version-history":[{"count":14,"href":"https:\/\/przychodnia-flt.pl\/index.php?rest_route=\/wp\/v2\/pages\/95\/revisions"}],"predecessor-version":[{"id":459,"href":"https:\/\/przychodnia-flt.pl\/index.php?rest_route=\/wp\/v2\/pages\/95\/revisions\/459"}],"wp:attachment":[{"href":"https:\/\/przychodnia-flt.pl\/index.php?rest_route=%2Fwp%2Fv2%2Fmedia&parent=95"}],"curies":[{"name":"wp","href":"https:\/\/api.w.org\/{rel}","templated":true}]}}